{"id":466,"date":"2022-04-21T11:57:44","date_gmt":"2022-04-21T09:57:44","guid":{"rendered":"https:\/\/hotelvenus.ms.decms.eu\/?page_id=466"},"modified":"2022-04-21T12:00:31","modified_gmt":"2022-04-21T10:00:31","slug":"hotelu-venus","status":"publish","type":"page","link":"https:\/\/www.hotelvenus.cz\/cs\/","title":{"rendered":"Hotelu Venus"},"content":{"rendered":"<p><strong>Hotel Venus<\/strong> le\u017e\u00ed v samotn\u00e9m srdci l\u00e1ze\u0148sk\u00e9 \u010dtvrti, n\u011bkolik m\u00e1lo krok\u016f od <em>Ml\u00fdnsk\u00e9<\/em> a <em>Sadov\u00e9 kolon\u00e1dy<\/em>. Modern\u00ed r\u00e1z hotelu se snoub\u00ed s v\u00edce ne\u017e stoletou histori\u00ed budovy hotelu. Tradice jsou zde \u00fasp\u011b\u0161n\u011b spojeny s modern\u00edm a neot\u0159el\u00fdm stylem.<\/p>\n<p>V\u00edtejte v hotelu, ve kter\u00e9m je na\u0161\u00ed prioritou individu\u00e1ln\u00ed p\u0159\u00edstup ke klient\u016fm a kde panuje p\u0159\u00edjemn\u00e1 dom\u00e1c\u00ed atmosf\u00e9ra\u2026<\/p>\n","protected":false},"excerpt":{"rendered":"<p>Hotel Venus le\u017e\u00ed v samotn\u00e9m srdci l\u00e1ze\u0148sk\u00e9 \u010dtvrti, n\u011bkolik m\u00e1lo krok\u016f od Ml\u00fdnsk\u00e9 a Sadov\u00e9 kolon\u00e1dy. Modern\u00ed r\u00e1z hotelu se snoub\u00ed s v\u00edce ne\u017e stoletou histori\u00ed budovy hotelu. Tradice jsou zde \u00fasp\u011b\u0161n\u011b spojeny s modern\u00edm a neot\u0159el\u00fdm stylem. V\u00edtejte v hotelu, ve kter\u00e9m je na\u0161\u00ed prioritou individu\u00e1ln\u00ed p\u0159\u00edstup ke klient\u016fm a kde panuje p\u0159\u00edjemn\u00e1 dom\u00e1c\u00ed [&hellip;]<\/p>\n","protected":false},"author":13,"featured_media":0,"parent":0,"menu_order":0,"comment_status":"closed","ping_status":"closed","template":"","meta":{"footnotes":""},"class_list":["post-466","page","type-page","status-publish","hentry"],"yoast_head":"<!-- This site is optimized with the Yoast SEO plugin v26.9 - https:\/\/yoast.com\/product\/yoast-seo-wordpress\/ -->\n<title>Hotelu Venus &#183; Hotel Venus &#183;<\/title>\n<meta name=\"description\" content=\"Hotel Venus le\u017e\u00ed v samotn\u00e9m srdci l\u00e1ze\u0148sk\u00e9 \u010dtvrti, n\u011bkolik m\u00e1lo krok\u016f od Ml\u00fdnsk\u00e9 a Sadov\u00e9 kolon\u00e1dy. Modern\u00ed r\u00e1z hotelu se snoub\u00ed s v\u00edce ne\u017e stoletou histori\u00ed budovy hotelu\" \/>\n<meta name=\"robots\" content=\"index, follow, max-snippet:-1, max-image-preview:large, max-video-preview:-1\" \/>\n<link rel=\"canonical\" href=\"https:\/\/www.hotelvenus.cz\/cs\/\" \/>\n<meta property=\"og:locale\" content=\"cs_CZ\" \/>\n<meta property=\"og:type\" content=\"article\" \/>\n<meta property=\"og:title\" content=\"Hotelu Venus &#183; Hotel Venus &#183;\" \/>\n<meta property=\"og:description\" content=\"Hotel Venus le\u017e\u00ed v samotn\u00e9m srdci l\u00e1ze\u0148sk\u00e9 \u010dtvrti, n\u011bkolik m\u00e1lo krok\u016f od Ml\u00fdnsk\u00e9 a Sadov\u00e9 kolon\u00e1dy. Modern\u00ed r\u00e1z hotelu se snoub\u00ed s v\u00edce ne\u017e stoletou histori\u00ed budovy hotelu\" \/>\n<meta property=\"og:url\" content=\"https:\/\/www.hotelvenus.cz\/cs\/\" \/>\n<meta property=\"og:site_name\" content=\"Hotel Venus\" \/>\n<meta property=\"article:modified_time\" content=\"2022-04-21T10:00:31+00:00\" \/>\n<meta name=\"twitter:card\" content=\"summary_large_image\" \/>\n<meta name=\"twitter:label1\" content=\"Odhadovan\u00e1 doba \u010dten\u00ed\" \/>\n\t<meta name=\"twitter:data1\" content=\"1 minuta\" \/>\n<script type=\"application\/ld+json\" class=\"yoast-schema-graph\">{\"@context\":\"https:\/\/schema.org\",\"@graph\":[{\"@type\":\"WebPage\",\"@id\":\"https:\/\/www.hotelvenus.cz\/cs\/\",\"url\":\"https:\/\/www.hotelvenus.cz\/cs\/\",\"name\":\"Hotelu Venus &#183; Hotel Venus &#183;\",\"isPartOf\":{\"@id\":\"https:\/\/www.hotelvenus.cz\/cs\/#website\"},\"datePublished\":\"2022-04-21T09:57:44+00:00\",\"dateModified\":\"2022-04-21T10:00:31+00:00\",\"description\":\"Hotel Venus le\u017e\u00ed v samotn\u00e9m srdci l\u00e1ze\u0148sk\u00e9 \u010dtvrti, n\u011bkolik m\u00e1lo krok\u016f od Ml\u00fdnsk\u00e9 a Sadov\u00e9 kolon\u00e1dy. Modern\u00ed r\u00e1z hotelu se snoub\u00ed s v\u00edce ne\u017e stoletou histori\u00ed budovy hotelu\",\"breadcrumb\":{\"@id\":\"https:\/\/www.hotelvenus.cz\/cs\/#breadcrumb\"},\"inLanguage\":\"cs\",\"potentialAction\":[{\"@type\":\"ReadAction\",\"target\":[\"https:\/\/www.hotelvenus.cz\/cs\/\"]}]},{\"@type\":\"BreadcrumbList\",\"@id\":\"https:\/\/www.hotelvenus.cz\/cs\/#breadcrumb\",\"itemListElement\":[{\"@type\":\"ListItem\",\"position\":1,\"name\":\"Home\",\"item\":\"https:\/\/www.hotelvenus.cz\/cs\/\"},{\"@type\":\"ListItem\",\"position\":2,\"name\":\"Hotelu Venus\"}]},{\"@type\":\"WebSite\",\"@id\":\"https:\/\/www.hotelvenus.cz\/cs\/#website\",\"url\":\"https:\/\/www.hotelvenus.cz\/cs\/\",\"name\":\"Hotel Venus\",\"description\":\"Ecco un altro sito ms.decms.eu\",\"potentialAction\":[{\"@type\":\"SearchAction\",\"target\":{\"@type\":\"EntryPoint\",\"urlTemplate\":\"https:\/\/www.hotelvenus.cz\/cs\/?s={search_term_string}\"},\"query-input\":{\"@type\":\"PropertyValueSpecification\",\"valueRequired\":true,\"valueName\":\"search_term_string\"}}],\"inLanguage\":\"cs\"}]}<\/script>\n<!-- \/ Yoast SEO plugin. -->","yoast_head_json":{"title":"Hotelu Venus &#183; Hotel Venus &#183;","description":"Hotel Venus le\u017e\u00ed v samotn\u00e9m srdci l\u00e1ze\u0148sk\u00e9 \u010dtvrti, n\u011bkolik m\u00e1lo krok\u016f od Ml\u00fdnsk\u00e9 a Sadov\u00e9 kolon\u00e1dy. Modern\u00ed r\u00e1z hotelu se snoub\u00ed s v\u00edce ne\u017e stoletou histori\u00ed budovy hotelu","robots":{"index":"index","follow":"follow","max-snippet":"max-snippet:-1","max-image-preview":"max-image-preview:large","max-video-preview":"max-video-preview:-1"},"canonical":"https:\/\/www.hotelvenus.cz\/cs\/","og_locale":"cs_CZ","og_type":"article","og_title":"Hotelu Venus &#183; Hotel Venus &#183;","og_description":"Hotel Venus le\u017e\u00ed v samotn\u00e9m srdci l\u00e1ze\u0148sk\u00e9 \u010dtvrti, n\u011bkolik m\u00e1lo krok\u016f od Ml\u00fdnsk\u00e9 a Sadov\u00e9 kolon\u00e1dy. Modern\u00ed r\u00e1z hotelu se snoub\u00ed s v\u00edce ne\u017e stoletou histori\u00ed budovy hotelu","og_url":"https:\/\/www.hotelvenus.cz\/cs\/","og_site_name":"Hotel Venus","article_modified_time":"2022-04-21T10:00:31+00:00","twitter_card":"summary_large_image","twitter_misc":{"Odhadovan\u00e1 doba \u010dten\u00ed":"1 minuta"},"schema":{"@context":"https:\/\/schema.org","@graph":[{"@type":"WebPage","@id":"https:\/\/www.hotelvenus.cz\/cs\/","url":"https:\/\/www.hotelvenus.cz\/cs\/","name":"Hotelu Venus &#183; Hotel Venus &#183;","isPartOf":{"@id":"https:\/\/www.hotelvenus.cz\/cs\/#website"},"datePublished":"2022-04-21T09:57:44+00:00","dateModified":"2022-04-21T10:00:31+00:00","description":"Hotel Venus le\u017e\u00ed v samotn\u00e9m srdci l\u00e1ze\u0148sk\u00e9 \u010dtvrti, n\u011bkolik m\u00e1lo krok\u016f od Ml\u00fdnsk\u00e9 a Sadov\u00e9 kolon\u00e1dy. Modern\u00ed r\u00e1z hotelu se snoub\u00ed s v\u00edce ne\u017e stoletou histori\u00ed budovy hotelu","breadcrumb":{"@id":"https:\/\/www.hotelvenus.cz\/cs\/#breadcrumb"},"inLanguage":"cs","potentialAction":[{"@type":"ReadAction","target":["https:\/\/www.hotelvenus.cz\/cs\/"]}]},{"@type":"BreadcrumbList","@id":"https:\/\/www.hotelvenus.cz\/cs\/#breadcrumb","itemListElement":[{"@type":"ListItem","position":1,"name":"Home","item":"https:\/\/www.hotelvenus.cz\/cs\/"},{"@type":"ListItem","position":2,"name":"Hotelu Venus"}]},{"@type":"WebSite","@id":"https:\/\/www.hotelvenus.cz\/cs\/#website","url":"https:\/\/www.hotelvenus.cz\/cs\/","name":"Hotel Venus","description":"Ecco un altro sito ms.decms.eu","potentialAction":[{"@type":"SearchAction","target":{"@type":"EntryPoint","urlTemplate":"https:\/\/www.hotelvenus.cz\/cs\/?s={search_term_string}"},"query-input":{"@type":"PropertyValueSpecification","valueRequired":true,"valueName":"search_term_string"}}],"inLanguage":"cs"}]}},"acf":[],"_links":{"self":[{"href":"https:\/\/www.hotelvenus.cz\/cs\/wp-json\/wp\/v2\/pages\/466","targetHints":{"allow":["GET"]}}],"collection":[{"href":"https:\/\/www.hotelvenus.cz\/cs\/wp-json\/wp\/v2\/pages"}],"about":[{"href":"https:\/\/www.hotelvenus.cz\/cs\/wp-json\/wp\/v2\/types\/page"}],"author":[{"embeddable":true,"href":"https:\/\/www.hotelvenus.cz\/cs\/wp-json\/wp\/v2\/users\/13"}],"replies":[{"embeddable":true,"href":"https:\/\/www.hotelvenus.cz\/cs\/wp-json\/wp\/v2\/comments?post=466"}],"version-history":[{"count":0,"href":"https:\/\/www.hotelvenus.cz\/cs\/wp-json\/wp\/v2\/pages\/466\/revisions"}],"wp:attachment":[{"href":"https:\/\/www.hotelvenus.cz\/cs\/wp-json\/wp\/v2\/media?parent=466"}],"curies":[{"name":"wp","href":"https:\/\/api.w.org\/{rel}","templated":true}]}}