{"id":482,"date":"2022-04-21T15:23:10","date_gmt":"2022-04-21T13:23:10","guid":{"rendered":"https:\/\/hotelvenus.ms.decms.eu\/?page_id=482"},"modified":"2022-05-17T16:15:57","modified_gmt":"2022-05-17T14:15:57","slug":"suite","status":"publish","type":"page","link":"https:\/\/www.hotelvenus.cz\/cs\/ubytovani\/suite\/","title":{"rendered":"Apartm\u00e1"},"content":{"rendered":"<p><strong>Elektronick\u00e1 za\u0159\u00edzen\u00ed:<\/strong> P\u0159\u00edstup na internet, Satelitn\u00ed televize, R\u00e1dio, LCD TV, WiFi zdarma<\/p>\n<p><strong>Pro Va\u0161e pohodl\u00ed:<\/strong> Buzen\u00ed telefonem, Koupac\u00ed pl\u00e1\u0161\u0165, P\u0159\u00edm\u00e1 telefonn\u00ed linka, Elektronick\u00e9 z\u00e1mky, Elektronick\u00fd detektor kou\u0159e, P\u0159ist\u00fdlka, Pran\u00ed pr\u00e1dla, Mini bar, Sofa, Pantofle, Dom\u00e1c\u00ed zv\u00ed\u0159ata povolena, Trezor, Neku\u0159\u00e1ck\u00e9 pokoje k\u00a0dispozici<\/p>\n<p><strong>Koupelna:<\/strong> F\u00e9n, Vana<\/p>\n","protected":false},"excerpt":{"rendered":"<p>Elektronick\u00e1 za\u0159\u00edzen\u00ed: P\u0159\u00edstup na internet, Satelitn\u00ed televize, R\u00e1dio, LCD TV, WiFi zdarma Pro Va\u0161e pohodl\u00ed: Buzen\u00ed telefonem, Koupac\u00ed pl\u00e1\u0161\u0165, P\u0159\u00edm\u00e1 telefonn\u00ed linka, Elektronick\u00e9 z\u00e1mky, Elektronick\u00fd detektor kou\u0159e, P\u0159ist\u00fdlka, Pran\u00ed pr\u00e1dla, Mini bar, Sofa, Pantofle, Dom\u00e1c\u00ed zv\u00ed\u0159ata povolena, Trezor, Neku\u0159\u00e1ck\u00e9 pokoje k\u00a0dispozici Koupelna: F\u00e9n, Vana<\/p>\n","protected":false},"author":13,"featured_media":0,"parent":476,"menu_order":20,"comment_status":"closed","ping_status":"closed","template":"template-single-room.php","meta":{"footnotes":""},"class_list":["post-482","page","type-page","status-publish","hentry"],"yoast_head":"<!-- This site is optimized with the Yoast SEO plugin v26.9 - https:\/\/yoast.com\/product\/yoast-seo-wordpress\/ -->\n<title>Apartm\u00e1 &#183; Hotel Venus &#183;<\/title>\n<meta name=\"description\" content=\"Elektronick\u00e1 za\u0159\u00edzen\u00ed: P\u0159\u00edstup na internet, Satelitn\u00ed televize, R\u00e1dio, LCD TV, WiFi zdarma  Pro Va\u0161e pohodl\u00ed: Buzen\u00ed telefonem, Koupac\u00ed pl\u00e1\u0161\u0165, P\u0159\u00edm\u00e1 telefonn\u00ed linka, Elektronick\u00e9 z\u00e1mky, Elektronick\u00fd detektor kou\u0159e, P\u0159ist\u00fdlka, Pran\u00ed pr\u00e1dla, Mini bar, Sofa, Pantofle, Dom\u00e1c\u00ed zv\u00ed\u0159ata povolena, Trezor, Neku\u0159\u00e1ck\u00e9 pokoje k\u00a0dispozici  Koupelna: F\u00e9n, Vana.\" \/>\n<meta name=\"robots\" content=\"index, follow, max-snippet:-1, max-image-preview:large, max-video-preview:-1\" \/>\n<link rel=\"canonical\" href=\"https:\/\/www.hotelvenus.cz\/cs\/ubytovani\/suite\/\" \/>\n<meta property=\"og:locale\" content=\"cs_CZ\" \/>\n<meta property=\"og:type\" content=\"article\" \/>\n<meta property=\"og:title\" content=\"Apartm\u00e1 &#183; Hotel Venus &#183;\" \/>\n<meta property=\"og:description\" content=\"Elektronick\u00e1 za\u0159\u00edzen\u00ed: P\u0159\u00edstup na internet, Satelitn\u00ed televize, R\u00e1dio, LCD TV, WiFi zdarma  Pro Va\u0161e pohodl\u00ed: Buzen\u00ed telefonem, Koupac\u00ed pl\u00e1\u0161\u0165, P\u0159\u00edm\u00e1 telefonn\u00ed linka, Elektronick\u00e9 z\u00e1mky, Elektronick\u00fd detektor kou\u0159e, P\u0159ist\u00fdlka, Pran\u00ed pr\u00e1dla, Mini bar, Sofa, Pantofle, Dom\u00e1c\u00ed zv\u00ed\u0159ata povolena, Trezor, Neku\u0159\u00e1ck\u00e9 pokoje k\u00a0dispozici  Koupelna: F\u00e9n, Vana.\" \/>\n<meta property=\"og:url\" content=\"https:\/\/www.hotelvenus.cz\/cs\/ubytovani\/suite\/\" \/>\n<meta property=\"og:site_name\" content=\"Hotel Venus\" \/>\n<meta property=\"article:modified_time\" content=\"2022-05-17T14:15:57+00:00\" \/>\n<meta name=\"twitter:card\" content=\"summary_large_image\" \/>\n<meta name=\"twitter:label1\" content=\"Odhadovan\u00e1 doba \u010dten\u00ed\" \/>\n\t<meta name=\"twitter:data1\" content=\"1 minuta\" \/>\n<script type=\"application\/ld+json\" class=\"yoast-schema-graph\">{\"@context\":\"https:\/\/schema.org\",\"@graph\":[{\"@type\":\"WebPage\",\"@id\":\"https:\/\/www.hotelvenus.cz\/cs\/ubytovani\/suite\/\",\"url\":\"https:\/\/www.hotelvenus.cz\/cs\/ubytovani\/suite\/\",\"name\":\"Apartm\u00e1 &#183; Hotel Venus &#183;\",\"isPartOf\":{\"@id\":\"https:\/\/www.hotelvenus.cz\/cs\/#website\"},\"datePublished\":\"2022-04-21T13:23:10+00:00\",\"dateModified\":\"2022-05-17T14:15:57+00:00\",\"description\":\"Elektronick\u00e1 za\u0159\u00edzen\u00ed: P\u0159\u00edstup na internet, Satelitn\u00ed televize, R\u00e1dio, LCD TV, WiFi zdarma Pro Va\u0161e pohodl\u00ed: Buzen\u00ed telefonem, Koupac\u00ed pl\u00e1\u0161\u0165, P\u0159\u00edm\u00e1 telefonn\u00ed linka, Elektronick\u00e9 z\u00e1mky, Elektronick\u00fd detektor kou\u0159e, P\u0159ist\u00fdlka, Pran\u00ed pr\u00e1dla, Mini bar, Sofa, Pantofle, Dom\u00e1c\u00ed zv\u00ed\u0159ata povolena, Trezor, Neku\u0159\u00e1ck\u00e9 pokoje k\u00a0dispozici Koupelna: F\u00e9n, Vana.\",\"breadcrumb\":{\"@id\":\"https:\/\/www.hotelvenus.cz\/cs\/ubytovani\/suite\/#breadcrumb\"},\"inLanguage\":\"cs\",\"potentialAction\":[{\"@type\":\"ReadAction\",\"target\":[\"https:\/\/www.hotelvenus.cz\/cs\/ubytovani\/suite\/\"]}]},{\"@type\":\"BreadcrumbList\",\"@id\":\"https:\/\/www.hotelvenus.cz\/cs\/ubytovani\/suite\/#breadcrumb\",\"itemListElement\":[{\"@type\":\"ListItem\",\"position\":1,\"name\":\"Home\",\"item\":\"https:\/\/www.hotelvenus.cz\/cs\/\"},{\"@type\":\"ListItem\",\"position\":2,\"name\":\"Ubytov\u00e1n\u00ed\",\"item\":\"https:\/\/www.hotelvenus.cz\/cs\/ubytovani\/\"},{\"@type\":\"ListItem\",\"position\":3,\"name\":\"Apartm\u00e1\"}]},{\"@type\":\"WebSite\",\"@id\":\"https:\/\/www.hotelvenus.cz\/cs\/#website\",\"url\":\"https:\/\/www.hotelvenus.cz\/cs\/\",\"name\":\"Hotel Venus\",\"description\":\"Ecco un altro sito ms.decms.eu\",\"potentialAction\":[{\"@type\":\"SearchAction\",\"target\":{\"@type\":\"EntryPoint\",\"urlTemplate\":\"https:\/\/www.hotelvenus.cz\/cs\/?s={search_term_string}\"},\"query-input\":{\"@type\":\"PropertyValueSpecification\",\"valueRequired\":true,\"valueName\":\"search_term_string\"}}],\"inLanguage\":\"cs\"}]}<\/script>\n<!-- \/ Yoast SEO plugin. -->","yoast_head_json":{"title":"Apartm\u00e1 &#183; Hotel Venus &#183;","description":"Elektronick\u00e1 za\u0159\u00edzen\u00ed: P\u0159\u00edstup na internet, Satelitn\u00ed televize, R\u00e1dio, LCD TV, WiFi zdarma  Pro Va\u0161e pohodl\u00ed: Buzen\u00ed telefonem, Koupac\u00ed pl\u00e1\u0161\u0165, P\u0159\u00edm\u00e1 telefonn\u00ed linka, Elektronick\u00e9 z\u00e1mky, Elektronick\u00fd detektor kou\u0159e, P\u0159ist\u00fdlka, Pran\u00ed pr\u00e1dla, Mini bar, Sofa, Pantofle, Dom\u00e1c\u00ed zv\u00ed\u0159ata povolena, Trezor, Neku\u0159\u00e1ck\u00e9 pokoje k\u00a0dispozici  Koupelna: F\u00e9n, Vana.","robots":{"index":"index","follow":"follow","max-snippet":"max-snippet:-1","max-image-preview":"max-image-preview:large","max-video-preview":"max-video-preview:-1"},"canonical":"https:\/\/www.hotelvenus.cz\/cs\/ubytovani\/suite\/","og_locale":"cs_CZ","og_type":"article","og_title":"Apartm\u00e1 &#183; Hotel Venus &#183;","og_description":"Elektronick\u00e1 za\u0159\u00edzen\u00ed: P\u0159\u00edstup na internet, Satelitn\u00ed televize, R\u00e1dio, LCD TV, WiFi zdarma  Pro Va\u0161e pohodl\u00ed: Buzen\u00ed telefonem, Koupac\u00ed pl\u00e1\u0161\u0165, P\u0159\u00edm\u00e1 telefonn\u00ed linka, Elektronick\u00e9 z\u00e1mky, Elektronick\u00fd detektor kou\u0159e, P\u0159ist\u00fdlka, Pran\u00ed pr\u00e1dla, Mini bar, Sofa, Pantofle, Dom\u00e1c\u00ed zv\u00ed\u0159ata povolena, Trezor, Neku\u0159\u00e1ck\u00e9 pokoje k\u00a0dispozici  Koupelna: F\u00e9n, Vana.","og_url":"https:\/\/www.hotelvenus.cz\/cs\/ubytovani\/suite\/","og_site_name":"Hotel Venus","article_modified_time":"2022-05-17T14:15:57+00:00","twitter_card":"summary_large_image","twitter_misc":{"Odhadovan\u00e1 doba \u010dten\u00ed":"1 minuta"},"schema":{"@context":"https:\/\/schema.org","@graph":[{"@type":"WebPage","@id":"https:\/\/www.hotelvenus.cz\/cs\/ubytovani\/suite\/","url":"https:\/\/www.hotelvenus.cz\/cs\/ubytovani\/suite\/","name":"Apartm\u00e1 &#183; Hotel Venus &#183;","isPartOf":{"@id":"https:\/\/www.hotelvenus.cz\/cs\/#website"},"datePublished":"2022-04-21T13:23:10+00:00","dateModified":"2022-05-17T14:15:57+00:00","description":"Elektronick\u00e1 za\u0159\u00edzen\u00ed: P\u0159\u00edstup na internet, Satelitn\u00ed televize, R\u00e1dio, LCD TV, WiFi zdarma Pro Va\u0161e pohodl\u00ed: Buzen\u00ed telefonem, Koupac\u00ed pl\u00e1\u0161\u0165, P\u0159\u00edm\u00e1 telefonn\u00ed linka, Elektronick\u00e9 z\u00e1mky, Elektronick\u00fd detektor kou\u0159e, P\u0159ist\u00fdlka, Pran\u00ed pr\u00e1dla, Mini bar, Sofa, Pantofle, Dom\u00e1c\u00ed zv\u00ed\u0159ata povolena, Trezor, Neku\u0159\u00e1ck\u00e9 pokoje k\u00a0dispozici Koupelna: F\u00e9n, Vana.","breadcrumb":{"@id":"https:\/\/www.hotelvenus.cz\/cs\/ubytovani\/suite\/#breadcrumb"},"inLanguage":"cs","potentialAction":[{"@type":"ReadAction","target":["https:\/\/www.hotelvenus.cz\/cs\/ubytovani\/suite\/"]}]},{"@type":"BreadcrumbList","@id":"https:\/\/www.hotelvenus.cz\/cs\/ubytovani\/suite\/#breadcrumb","itemListElement":[{"@type":"ListItem","position":1,"name":"Home","item":"https:\/\/www.hotelvenus.cz\/cs\/"},{"@type":"ListItem","position":2,"name":"Ubytov\u00e1n\u00ed","item":"https:\/\/www.hotelvenus.cz\/cs\/ubytovani\/"},{"@type":"ListItem","position":3,"name":"Apartm\u00e1"}]},{"@type":"WebSite","@id":"https:\/\/www.hotelvenus.cz\/cs\/#website","url":"https:\/\/www.hotelvenus.cz\/cs\/","name":"Hotel Venus","description":"Ecco un altro sito ms.decms.eu","potentialAction":[{"@type":"SearchAction","target":{"@type":"EntryPoint","urlTemplate":"https:\/\/www.hotelvenus.cz\/cs\/?s={search_term_string}"},"query-input":{"@type":"PropertyValueSpecification","valueRequired":true,"valueName":"search_term_string"}}],"inLanguage":"cs"}]}},"acf":[],"_links":{"self":[{"href":"https:\/\/www.hotelvenus.cz\/cs\/wp-json\/wp\/v2\/pages\/482","targetHints":{"allow":["GET"]}}],"collection":[{"href":"https:\/\/www.hotelvenus.cz\/cs\/wp-json\/wp\/v2\/pages"}],"about":[{"href":"https:\/\/www.hotelvenus.cz\/cs\/wp-json\/wp\/v2\/types\/page"}],"author":[{"embeddable":true,"href":"https:\/\/www.hotelvenus.cz\/cs\/wp-json\/wp\/v2\/users\/13"}],"replies":[{"embeddable":true,"href":"https:\/\/www.hotelvenus.cz\/cs\/wp-json\/wp\/v2\/comments?post=482"}],"version-history":[{"count":0,"href":"https:\/\/www.hotelvenus.cz\/cs\/wp-json\/wp\/v2\/pages\/482\/revisions"}],"up":[{"embeddable":true,"href":"https:\/\/www.hotelvenus.cz\/cs\/wp-json\/wp\/v2\/pages\/476"}],"wp:attachment":[{"href":"https:\/\/www.hotelvenus.cz\/cs\/wp-json\/wp\/v2\/media?parent=482"}],"curies":[{"name":"wp","href":"https:\/\/api.w.org\/{rel}","templated":true}]}}