{"id":485,"date":"2022-04-21T15:25:29","date_gmt":"2022-04-21T13:25:29","guid":{"rendered":"https:\/\/hotelvenus.ms.decms.eu\/?page_id=485"},"modified":"2025-12-31T13:09:30","modified_gmt":"2025-12-31T12:09:30","slug":"restaurace","status":"publish","type":"page","link":"https:\/\/www.hotelvenus.cz\/cs\/restaurace\/","title":{"rendered":"Restaurace"},"content":{"rendered":"<p>Jsem r\u00e1d, \u017ee V\u00e1m mohu p\u0159edstavit n\u00e1\u0161 rozs\u00e1hl\u00fd v\u00fdb\u011br toho nejlep\u0161\u00edho, co pro v\u00e1s kucha\u0159i a \u010d\u00ed\u0161n\u00edci na\u0161eho hotelu p\u0159ipravili.<\/p>\n<p>\u00datuln\u011b za\u0159\u00edzen\u00fd interi\u00e9r restaurace V\u00e1s l\u00e1k\u00e1 v\u016fn\u00ed rann\u00ed k\u00e1vy a bohat\u00e9 sn\u00eddan\u011b pro \u00fasp\u011b\u0161n\u00fd start do nov\u00e9ho dne. Sn\u00eddan\u011b jsou p\u0159ipraveny bufetovou formou, aby ka\u017ed\u00fd z host\u016f m\u011bl mo\u017enost v\u00fdb\u011bru podle sv\u00e9ho p\u0159\u00e1n\u00ed.<\/p>\n<p>I ob\u011bdy a ve\u010de\u0159e si mohou na\u0161i host\u00e9 vybrat z l\u00e1kav\u00e9 nab\u00eddky pokrm\u016f nab\u00edzeny bufetovou formou.<\/p>\n<p>P\u0159\u00edpadn\u00e1 dietn\u00ed strava je v\u017edy upravena klientovi na m\u00edru dle zdravotn\u00edho stavu klienta a dle doporu\u010den\u00ed hotelov\u00e9ho l\u00e9ka\u0159e.<\/p>\n<p>Pro na\u0161e mal\u00e9 hosty m\u00e1me p\u0159ipraven\u00e9 pro spr\u00e1vn\u00e9 vychutn\u00e1n\u00ed ob\u011bda a ve\u010de\u0159e tak\u00e9 d\u011btskou \u017eidli\u010dku a prost\u00edr\u00e1n\u00ed.<\/p>\n<p>Na odpoledne bych V\u00e1s r\u00e1d pozval do Lobby baru na k\u00e1vu a medovn\u00edk. Mo\u017en\u00e1 tak\u00e9 ochutn\u00e1te t\u0159in\u00e1ct\u00fd karlovarsk\u00fd pramen Becherovku, nebo moravsk\u00e9 v\u00edno pln\u00e9 slunce. Lobby bar je to prav\u00e9 pro p\u0159\u00edjemn\u00e9 posezen\u00ed s p\u0159\u00e1teli kdykoliv b\u011bhem dne.<\/p>\n<p>V\u011b\u0159\u00edm, \u017ee V\u00e1s na\u0161e nab\u00eddka oslov\u00ed a nav\u0161t\u00edv\u00edte n\u00e1\u0161 hotel Venus.<\/p>\n<p>S\u00a0\u00factou <strong>Martin Barto\u0161<\/strong><br \/>\n<em>\u0161\u00e9fkucha\u0159 hotelu Venus<\/em><\/p>\n","protected":false},"excerpt":{"rendered":"<p>Jsem r\u00e1d, \u017ee V\u00e1m mohu p\u0159edstavit n\u00e1\u0161 rozs\u00e1hl\u00fd v\u00fdb\u011br toho nejlep\u0161\u00edho, co pro v\u00e1s kucha\u0159i a \u010d\u00ed\u0161n\u00edci na\u0161eho hotelu p\u0159ipravili. \u00datuln\u011b za\u0159\u00edzen\u00fd interi\u00e9r restaurace V\u00e1s l\u00e1k\u00e1 v\u016fn\u00ed rann\u00ed k\u00e1vy a bohat\u00e9 sn\u00eddan\u011b pro \u00fasp\u011b\u0161n\u00fd start do nov\u00e9ho dne. Sn\u00eddan\u011b jsou p\u0159ipraveny bufetovou formou, aby ka\u017ed\u00fd z host\u016f m\u011bl mo\u017enost v\u00fdb\u011bru podle sv\u00e9ho p\u0159\u00e1n\u00ed. I ob\u011bdy [&hellip;]<\/p>\n","protected":false},"author":13,"featured_media":0,"parent":0,"menu_order":30,"comment_status":"closed","ping_status":"closed","template":"template-single-restaurant.php","meta":{"footnotes":""},"class_list":["post-485","page","type-page","status-publish","hentry"],"yoast_head":"<!-- This site is optimized with the Yoast SEO plugin v26.9 - https:\/\/yoast.com\/product\/yoast-seo-wordpress\/ -->\n<title>Restaurace &#183; Hotel Venus &#183;<\/title>\n<meta name=\"description\" content=\"Jsem r\u00e1d, \u017ee V\u00e1m mohu p\u0159edstavit n\u00e1\u0161 rozs\u00e1hl\u00fd v\u00fdb\u011br toho nejlep\u0161\u00edho, co pro v\u00e1s kucha\u0159i a \u010d\u00ed\u0161n\u00edci na\u0161eho hotelu p\u0159ipravili.  \u00datuln\u011b za\u0159\u00edzen\u00fd interi\u00e9r restaurace V\u00e1s l\u00e1k\u00e1 v\u016fn\u00ed rann\u00ed k\u00e1vy a bohat\u00e9 sn\u00eddan\u011b pro \u00fasp\u011b\u0161n\u00fd start do nov\u00e9ho dne. Sn\u00eddan\u011b jsou p\u0159ipraveny bufetovou formou, aby ka\u017ed\u00fd z host\u016f m\u011bl mo\u017enost v\u00fdb\u011bru podle sv\u00e9ho p\u0159\u00e1n\u00ed.  I ob\u011bdy a ve\u010de\u0159e si mohou na\u0161i host\u00e9 vybrat z l\u00e1kav\u00e9 nab\u00eddky pokrm\u016f nab\u00edzeny bufetovou formou.  P\u0159\u00edpadn\u00e1 dietn\u00ed strava je v\u017edy upravena klientovi na m\u00edru dle zdravotn\u00edho stavu klienta a dle doporu\u010den\u00ed hotelov\u00e9ho l\u00e9ka\u0159e.  Pro na\u0161e mal\u00e9 hosty m\u00e1me p\u0159ipraven\u00e9 pro spr\u00e1vn\u00e9 vychutn\u00e1n\u00ed ob\u011bda a ve\u010de\u0159e tak\u00e9 d\u011btskou \u017eidli\u010dku a prost\u00edr\u00e1n\u00ed.  Na odpoledne bych V\u00e1s r\u00e1d pozval do Lobby baru na k\u00e1vu a medovn\u00edk\" \/>\n<meta name=\"robots\" content=\"index, follow, max-snippet:-1, max-image-preview:large, max-video-preview:-1\" \/>\n<link rel=\"canonical\" href=\"https:\/\/www.hotelvenus.cz\/cs\/restaurace\/\" \/>\n<meta property=\"og:locale\" content=\"cs_CZ\" \/>\n<meta property=\"og:type\" content=\"article\" \/>\n<meta property=\"og:title\" content=\"Restaurace &#183; Hotel Venus &#183;\" \/>\n<meta property=\"og:description\" content=\"Jsem r\u00e1d, \u017ee V\u00e1m mohu p\u0159edstavit n\u00e1\u0161 rozs\u00e1hl\u00fd v\u00fdb\u011br toho nejlep\u0161\u00edho, co pro v\u00e1s kucha\u0159i a \u010d\u00ed\u0161n\u00edci na\u0161eho hotelu p\u0159ipravili.  \u00datuln\u011b za\u0159\u00edzen\u00fd interi\u00e9r restaurace V\u00e1s l\u00e1k\u00e1 v\u016fn\u00ed rann\u00ed k\u00e1vy a bohat\u00e9 sn\u00eddan\u011b pro \u00fasp\u011b\u0161n\u00fd start do nov\u00e9ho dne. Sn\u00eddan\u011b jsou p\u0159ipraveny bufetovou formou, aby ka\u017ed\u00fd z host\u016f m\u011bl mo\u017enost v\u00fdb\u011bru podle sv\u00e9ho p\u0159\u00e1n\u00ed.  I ob\u011bdy a ve\u010de\u0159e si mohou na\u0161i host\u00e9 vybrat z l\u00e1kav\u00e9 nab\u00eddky pokrm\u016f nab\u00edzeny bufetovou formou.  P\u0159\u00edpadn\u00e1 dietn\u00ed strava je v\u017edy upravena klientovi na m\u00edru dle zdravotn\u00edho stavu klienta a dle doporu\u010den\u00ed hotelov\u00e9ho l\u00e9ka\u0159e.  Pro na\u0161e mal\u00e9 hosty m\u00e1me p\u0159ipraven\u00e9 pro spr\u00e1vn\u00e9 vychutn\u00e1n\u00ed ob\u011bda a ve\u010de\u0159e tak\u00e9 d\u011btskou \u017eidli\u010dku a prost\u00edr\u00e1n\u00ed.  Na odpoledne bych V\u00e1s r\u00e1d pozval do Lobby baru na k\u00e1vu a medovn\u00edk\" \/>\n<meta property=\"og:url\" content=\"https:\/\/www.hotelvenus.cz\/cs\/restaurace\/\" \/>\n<meta property=\"og:site_name\" content=\"Hotel Venus\" \/>\n<meta property=\"article:modified_time\" content=\"2025-12-31T12:09:30+00:00\" \/>\n<meta name=\"twitter:card\" content=\"summary_large_image\" \/>\n<meta name=\"twitter:label1\" content=\"Odhadovan\u00e1 doba \u010dten\u00ed\" \/>\n\t<meta name=\"twitter:data1\" content=\"1 minuta\" \/>\n<script type=\"application\/ld+json\" class=\"yoast-schema-graph\">{\"@context\":\"https:\/\/schema.org\",\"@graph\":[{\"@type\":\"WebPage\",\"@id\":\"https:\/\/www.hotelvenus.cz\/cs\/restaurace\/\",\"url\":\"https:\/\/www.hotelvenus.cz\/cs\/restaurace\/\",\"name\":\"Restaurace &#183; Hotel Venus &#183;\",\"isPartOf\":{\"@id\":\"https:\/\/www.hotelvenus.cz\/cs\/#website\"},\"datePublished\":\"2022-04-21T13:25:29+00:00\",\"dateModified\":\"2025-12-31T12:09:30+00:00\",\"description\":\"Jsem r\u00e1d, \u017ee V\u00e1m mohu p\u0159edstavit n\u00e1\u0161 rozs\u00e1hl\u00fd v\u00fdb\u011br toho nejlep\u0161\u00edho, co pro v\u00e1s kucha\u0159i a \u010d\u00ed\u0161n\u00edci na\u0161eho hotelu p\u0159ipravili. \u00datuln\u011b za\u0159\u00edzen\u00fd interi\u00e9r restaurace V\u00e1s l\u00e1k\u00e1 v\u016fn\u00ed rann\u00ed k\u00e1vy a bohat\u00e9 sn\u00eddan\u011b pro \u00fasp\u011b\u0161n\u00fd start do nov\u00e9ho dne. Sn\u00eddan\u011b jsou p\u0159ipraveny bufetovou formou, aby ka\u017ed\u00fd z host\u016f m\u011bl mo\u017enost v\u00fdb\u011bru podle sv\u00e9ho p\u0159\u00e1n\u00ed. I ob\u011bdy a ve\u010de\u0159e si mohou na\u0161i host\u00e9 vybrat z l\u00e1kav\u00e9 nab\u00eddky pokrm\u016f nab\u00edzeny bufetovou formou. P\u0159\u00edpadn\u00e1 dietn\u00ed strava je v\u017edy upravena klientovi na m\u00edru dle zdravotn\u00edho stavu klienta a dle doporu\u010den\u00ed hotelov\u00e9ho l\u00e9ka\u0159e. Pro na\u0161e mal\u00e9 hosty m\u00e1me p\u0159ipraven\u00e9 pro spr\u00e1vn\u00e9 vychutn\u00e1n\u00ed ob\u011bda a ve\u010de\u0159e tak\u00e9 d\u011btskou \u017eidli\u010dku a prost\u00edr\u00e1n\u00ed. Na odpoledne bych V\u00e1s r\u00e1d pozval do Lobby baru na k\u00e1vu a medovn\u00edk\",\"breadcrumb\":{\"@id\":\"https:\/\/www.hotelvenus.cz\/cs\/restaurace\/#breadcrumb\"},\"inLanguage\":\"cs\",\"potentialAction\":[{\"@type\":\"ReadAction\",\"target\":[\"https:\/\/www.hotelvenus.cz\/cs\/restaurace\/\"]}]},{\"@type\":\"BreadcrumbList\",\"@id\":\"https:\/\/www.hotelvenus.cz\/cs\/restaurace\/#breadcrumb\",\"itemListElement\":[{\"@type\":\"ListItem\",\"position\":1,\"name\":\"Home\",\"item\":\"https:\/\/www.hotelvenus.cz\/cs\/\"},{\"@type\":\"ListItem\",\"position\":2,\"name\":\"Restaurace\"}]},{\"@type\":\"WebSite\",\"@id\":\"https:\/\/www.hotelvenus.cz\/cs\/#website\",\"url\":\"https:\/\/www.hotelvenus.cz\/cs\/\",\"name\":\"Hotel Venus\",\"description\":\"Ecco un altro sito ms.decms.eu\",\"potentialAction\":[{\"@type\":\"SearchAction\",\"target\":{\"@type\":\"EntryPoint\",\"urlTemplate\":\"https:\/\/www.hotelvenus.cz\/cs\/?s={search_term_string}\"},\"query-input\":{\"@type\":\"PropertyValueSpecification\",\"valueRequired\":true,\"valueName\":\"search_term_string\"}}],\"inLanguage\":\"cs\"}]}<\/script>\n<!-- \/ Yoast SEO plugin. -->","yoast_head_json":{"title":"Restaurace &#183; Hotel Venus &#183;","description":"Jsem r\u00e1d, \u017ee V\u00e1m mohu p\u0159edstavit n\u00e1\u0161 rozs\u00e1hl\u00fd v\u00fdb\u011br toho nejlep\u0161\u00edho, co pro v\u00e1s kucha\u0159i a \u010d\u00ed\u0161n\u00edci na\u0161eho hotelu p\u0159ipravili.  \u00datuln\u011b za\u0159\u00edzen\u00fd interi\u00e9r restaurace V\u00e1s l\u00e1k\u00e1 v\u016fn\u00ed rann\u00ed k\u00e1vy a bohat\u00e9 sn\u00eddan\u011b pro \u00fasp\u011b\u0161n\u00fd start do nov\u00e9ho dne. Sn\u00eddan\u011b jsou p\u0159ipraveny bufetovou formou, aby ka\u017ed\u00fd z host\u016f m\u011bl mo\u017enost v\u00fdb\u011bru podle sv\u00e9ho p\u0159\u00e1n\u00ed.  I ob\u011bdy a ve\u010de\u0159e si mohou na\u0161i host\u00e9 vybrat z l\u00e1kav\u00e9 nab\u00eddky pokrm\u016f nab\u00edzeny bufetovou formou.  P\u0159\u00edpadn\u00e1 dietn\u00ed strava je v\u017edy upravena klientovi na m\u00edru dle zdravotn\u00edho stavu klienta a dle doporu\u010den\u00ed hotelov\u00e9ho l\u00e9ka\u0159e.  Pro na\u0161e mal\u00e9 hosty m\u00e1me p\u0159ipraven\u00e9 pro spr\u00e1vn\u00e9 vychutn\u00e1n\u00ed ob\u011bda a ve\u010de\u0159e tak\u00e9 d\u011btskou \u017eidli\u010dku a prost\u00edr\u00e1n\u00ed.  Na odpoledne bych V\u00e1s r\u00e1d pozval do Lobby baru na k\u00e1vu a medovn\u00edk","robots":{"index":"index","follow":"follow","max-snippet":"max-snippet:-1","max-image-preview":"max-image-preview:large","max-video-preview":"max-video-preview:-1"},"canonical":"https:\/\/www.hotelvenus.cz\/cs\/restaurace\/","og_locale":"cs_CZ","og_type":"article","og_title":"Restaurace &#183; Hotel Venus &#183;","og_description":"Jsem r\u00e1d, \u017ee V\u00e1m mohu p\u0159edstavit n\u00e1\u0161 rozs\u00e1hl\u00fd v\u00fdb\u011br toho nejlep\u0161\u00edho, co pro v\u00e1s kucha\u0159i a \u010d\u00ed\u0161n\u00edci na\u0161eho hotelu p\u0159ipravili.  \u00datuln\u011b za\u0159\u00edzen\u00fd interi\u00e9r restaurace V\u00e1s l\u00e1k\u00e1 v\u016fn\u00ed rann\u00ed k\u00e1vy a bohat\u00e9 sn\u00eddan\u011b pro \u00fasp\u011b\u0161n\u00fd start do nov\u00e9ho dne. Sn\u00eddan\u011b jsou p\u0159ipraveny bufetovou formou, aby ka\u017ed\u00fd z host\u016f m\u011bl mo\u017enost v\u00fdb\u011bru podle sv\u00e9ho p\u0159\u00e1n\u00ed.  I ob\u011bdy a ve\u010de\u0159e si mohou na\u0161i host\u00e9 vybrat z l\u00e1kav\u00e9 nab\u00eddky pokrm\u016f nab\u00edzeny bufetovou formou.  P\u0159\u00edpadn\u00e1 dietn\u00ed strava je v\u017edy upravena klientovi na m\u00edru dle zdravotn\u00edho stavu klienta a dle doporu\u010den\u00ed hotelov\u00e9ho l\u00e9ka\u0159e.  Pro na\u0161e mal\u00e9 hosty m\u00e1me p\u0159ipraven\u00e9 pro spr\u00e1vn\u00e9 vychutn\u00e1n\u00ed ob\u011bda a ve\u010de\u0159e tak\u00e9 d\u011btskou \u017eidli\u010dku a prost\u00edr\u00e1n\u00ed.  Na odpoledne bych V\u00e1s r\u00e1d pozval do Lobby baru na k\u00e1vu a medovn\u00edk","og_url":"https:\/\/www.hotelvenus.cz\/cs\/restaurace\/","og_site_name":"Hotel Venus","article_modified_time":"2025-12-31T12:09:30+00:00","twitter_card":"summary_large_image","twitter_misc":{"Odhadovan\u00e1 doba \u010dten\u00ed":"1 minuta"},"schema":{"@context":"https:\/\/schema.org","@graph":[{"@type":"WebPage","@id":"https:\/\/www.hotelvenus.cz\/cs\/restaurace\/","url":"https:\/\/www.hotelvenus.cz\/cs\/restaurace\/","name":"Restaurace &#183; Hotel Venus &#183;","isPartOf":{"@id":"https:\/\/www.hotelvenus.cz\/cs\/#website"},"datePublished":"2022-04-21T13:25:29+00:00","dateModified":"2025-12-31T12:09:30+00:00","description":"Jsem r\u00e1d, \u017ee V\u00e1m mohu p\u0159edstavit n\u00e1\u0161 rozs\u00e1hl\u00fd v\u00fdb\u011br toho nejlep\u0161\u00edho, co pro v\u00e1s kucha\u0159i a \u010d\u00ed\u0161n\u00edci na\u0161eho hotelu p\u0159ipravili. \u00datuln\u011b za\u0159\u00edzen\u00fd interi\u00e9r restaurace V\u00e1s l\u00e1k\u00e1 v\u016fn\u00ed rann\u00ed k\u00e1vy a bohat\u00e9 sn\u00eddan\u011b pro \u00fasp\u011b\u0161n\u00fd start do nov\u00e9ho dne. Sn\u00eddan\u011b jsou p\u0159ipraveny bufetovou formou, aby ka\u017ed\u00fd z host\u016f m\u011bl mo\u017enost v\u00fdb\u011bru podle sv\u00e9ho p\u0159\u00e1n\u00ed. I ob\u011bdy a ve\u010de\u0159e si mohou na\u0161i host\u00e9 vybrat z l\u00e1kav\u00e9 nab\u00eddky pokrm\u016f nab\u00edzeny bufetovou formou. P\u0159\u00edpadn\u00e1 dietn\u00ed strava je v\u017edy upravena klientovi na m\u00edru dle zdravotn\u00edho stavu klienta a dle doporu\u010den\u00ed hotelov\u00e9ho l\u00e9ka\u0159e. Pro na\u0161e mal\u00e9 hosty m\u00e1me p\u0159ipraven\u00e9 pro spr\u00e1vn\u00e9 vychutn\u00e1n\u00ed ob\u011bda a ve\u010de\u0159e tak\u00e9 d\u011btskou \u017eidli\u010dku a prost\u00edr\u00e1n\u00ed. Na odpoledne bych V\u00e1s r\u00e1d pozval do Lobby baru na k\u00e1vu a medovn\u00edk","breadcrumb":{"@id":"https:\/\/www.hotelvenus.cz\/cs\/restaurace\/#breadcrumb"},"inLanguage":"cs","potentialAction":[{"@type":"ReadAction","target":["https:\/\/www.hotelvenus.cz\/cs\/restaurace\/"]}]},{"@type":"BreadcrumbList","@id":"https:\/\/www.hotelvenus.cz\/cs\/restaurace\/#breadcrumb","itemListElement":[{"@type":"ListItem","position":1,"name":"Home","item":"https:\/\/www.hotelvenus.cz\/cs\/"},{"@type":"ListItem","position":2,"name":"Restaurace"}]},{"@type":"WebSite","@id":"https:\/\/www.hotelvenus.cz\/cs\/#website","url":"https:\/\/www.hotelvenus.cz\/cs\/","name":"Hotel Venus","description":"Ecco un altro sito ms.decms.eu","potentialAction":[{"@type":"SearchAction","target":{"@type":"EntryPoint","urlTemplate":"https:\/\/www.hotelvenus.cz\/cs\/?s={search_term_string}"},"query-input":{"@type":"PropertyValueSpecification","valueRequired":true,"valueName":"search_term_string"}}],"inLanguage":"cs"}]}},"acf":[],"_links":{"self":[{"href":"https:\/\/www.hotelvenus.cz\/cs\/wp-json\/wp\/v2\/pages\/485","targetHints":{"allow":["GET"]}}],"collection":[{"href":"https:\/\/www.hotelvenus.cz\/cs\/wp-json\/wp\/v2\/pages"}],"about":[{"href":"https:\/\/www.hotelvenus.cz\/cs\/wp-json\/wp\/v2\/types\/page"}],"author":[{"embeddable":true,"href":"https:\/\/www.hotelvenus.cz\/cs\/wp-json\/wp\/v2\/users\/13"}],"replies":[{"embeddable":true,"href":"https:\/\/www.hotelvenus.cz\/cs\/wp-json\/wp\/v2\/comments?post=485"}],"version-history":[{"count":0,"href":"https:\/\/www.hotelvenus.cz\/cs\/wp-json\/wp\/v2\/pages\/485\/revisions"}],"wp:attachment":[{"href":"https:\/\/www.hotelvenus.cz\/cs\/wp-json\/wp\/v2\/media?parent=485"}],"curies":[{"name":"wp","href":"https:\/\/api.w.org\/{rel}","templated":true}]}}