{"id":489,"date":"2022-04-21T15:49:27","date_gmt":"2022-04-21T13:49:27","guid":{"rendered":"https:\/\/hotelvenus.ms.decms.eu\/?page_id=489"},"modified":"2025-12-31T09:51:05","modified_gmt":"2025-12-31T08:51:05","slug":"leceni","status":"publish","type":"page","link":"https:\/\/www.hotelvenus.cz\/cs\/leceni\/","title":{"rendered":"L\u00e9\u010den\u00ed"},"content":{"rendered":"<p>V\u00e1\u017een\u00fd l\u00e1ze\u0148sk\u00fd hoste,<\/p>\n<p>je mi velk\u00fdm pot\u011b\u0161en\u00edm p\u0159iv\u00edtat V\u00e1s v\u00a0na\u0161em <strong>l\u00e1ze\u0148sk\u00e9m hotelu Venus****<\/strong> v\u00a0Karlov\u00fdch Varech.<\/p>\n<p>L\u00e9\u010den\u00ed v\u00a0hotelu<strong> Venus Karlovy Vary<\/strong> se zam\u011b\u0159uje krom\u011b typicky karlovarsk\u00fdch indikac\u00ed, jako jsou gastroenterologick\u00e1 onemocn\u011bn\u00ed a poruchy l\u00e1tkov\u00e9 v\u00fdm\u011bny (diabetes mellitus), p\u0159edev\u0161\u00edm na l\u00e9\u010den\u00ed nadv\u00e1hy a nemoci pohybov\u00e9ho \u00fastroj\u00ed, zejm\u00e9na pak onemocn\u011bn\u00ed p\u00e1te\u0159e a bolest\u00ed zad.<\/p>\n<p>L\u00e9\u010debn\u00e9 procedury by samy o sob\u011b nebyly \u00fa\u010dinn\u00e9, kdyby v\u00a0na\u0161em hotelu <strong>Venus Karlovy Vary<\/strong> nepracoval t\u00fdm speci\u00e1ln\u011b vy\u0161kolen\u00fdch odborn\u00edk\u016f s\u00a0dlouholet\u00fdmi zku\u0161enostmi v\u00a0l\u00e1ze\u0148stv\u00ed.<\/p>\n<p>Odborn\u00fdm garantem l\u00e1ze\u0148sk\u00e9 p\u00e9\u010de je vedouc\u00ed l\u00e9ka\u0159ka, MUDr. Nad\u011b\u017eda Pile\u010dkov\u00e1, kter\u00e1 m\u00e1 atestace z neurologie, fyziatrie, balneologie a l\u00e9\u010debn\u00e9 rehabilitace a t\u00e9m\u011b\u0159 10 let praxe v\u00a0karlovarsk\u00e9m l\u00e1ze\u0148sk\u00e9m provozu.<\/p>\n<p>D\u00e1le o na\u0161e pacienty v hotelu <strong>Venus Karlovy Vary<\/strong> pe\u010duje cel\u00fd t\u00fdm zku\u0161en\u00fdch mas\u00e9r\u016f, fyzioterapeutek, zdravotn\u00edch sester a l\u00e1ze\u0148sk\u00fdch.<\/p>\n<p>N\u00e1\u0161 l\u00e9\u010debn\u00fd program je v\u017edy sestavov\u00e1n tak, aby co nejv\u00edce vyhov\u011bl individu\u00e1ln\u00edm pot\u0159eb\u00e1m ka\u017ed\u00e9ho pacienta a co nejv\u00edce je p\u0159izp\u016fsoben jeho zdravotn\u00edmu stavu. Skl\u00e1d\u00e1 se z hlavn\u00edch a vedlej\u0161\u00edch procedur, kter\u00e9 svou kombinac\u00ed p\u0159in\u00e1\u0161\u00ed o\u010dek\u00e1van\u00fd l\u00e9\u010debn\u00fd efekt.<\/p>\n<p>Sou\u010d\u00e1st\u00ed cel\u00e9 l\u00e9\u010dby nejsou jen procedury, ale tak\u00e9 pitn\u00e1 k\u00fara, kterou V\u00e1m doporu\u010d\u00edme p\u0159i vstupn\u00edm vy\u0161et\u0159en\u00ed. D\u00e1le db\u00e1me na dodr\u017eov\u00e1n\u00ed dietn\u00edch opat\u0159en\u00ed, se kter\u00fdmi V\u00e1m porad\u00edme a poskytneme pot\u0159ebn\u00e9 materi\u00e1ly, abyste mohli ve shodn\u00e9m stravov\u00e1n\u00ed pokra\u010dovat i po skon\u010den\u00ed l\u00e1ze\u0148sk\u00e9 l\u00e9\u010dby.<\/p>\n<p>Na\u0161\u00edm c\u00edlem je spokojen\u00fd a zdrav\u011bj\u0161\u00ed pacient.<\/p>\n<p>Za cel\u00fd t\u00fdm l\u00e9\u010debn\u00e9ho \u00faseku l\u00e1ze\u0148sk\u00e9ho hotelu Venus Karlovy Vary V\u00e1m p\u0159eji hodn\u011b\u00a0zdrav\u00ed.<\/p>\n<p><strong>Prim. MUDr. Nad\u011b\u017eda Pile\u010dkov\u00e1<\/strong><\/p>\n","protected":false},"excerpt":{"rendered":"<p>V\u00e1\u017een\u00fd l\u00e1ze\u0148sk\u00fd hoste, je mi velk\u00fdm pot\u011b\u0161en\u00edm p\u0159iv\u00edtat V\u00e1s v\u00a0na\u0161em l\u00e1ze\u0148sk\u00e9m hotelu Venus**** v\u00a0Karlov\u00fdch Varech. L\u00e9\u010den\u00ed v\u00a0hotelu Venus Karlovy Vary se zam\u011b\u0159uje krom\u011b typicky karlovarsk\u00fdch indikac\u00ed, jako jsou gastroenterologick\u00e1 onemocn\u011bn\u00ed a poruchy l\u00e1tkov\u00e9 v\u00fdm\u011bny (diabetes mellitus), p\u0159edev\u0161\u00edm na l\u00e9\u010den\u00ed nadv\u00e1hy a nemoci pohybov\u00e9ho \u00fastroj\u00ed, zejm\u00e9na pak onemocn\u011bn\u00ed p\u00e1te\u0159e a bolest\u00ed zad. L\u00e9\u010debn\u00e9 procedury by samy [&hellip;]<\/p>\n","protected":false},"author":13,"featured_media":0,"parent":0,"menu_order":40,"comment_status":"closed","ping_status":"closed","template":"template-default-2.php","meta":{"footnotes":""},"class_list":["post-489","page","type-page","status-publish","hentry"],"yoast_head":"<!-- This site is optimized with the Yoast SEO plugin v26.9 - https:\/\/yoast.com\/product\/yoast-seo-wordpress\/ -->\n<title>L\u00e9\u010den\u00ed &#183; Hotel Venus &#183;<\/title>\n<meta name=\"description\" content=\"V\u00e1\u017een\u00fd l\u00e1ze\u0148sk\u00fd hoste,  je mi velk\u00fdm pot\u011b\u0161en\u00edm p\u0159iv\u00edtat V\u00e1s v\u00a0na\u0161em l\u00e1ze\u0148sk\u00e9m hotelu Venus**** v\u00a0Karlov\u00fdch Varech.  L\u00e9\u010den\u00ed v\u00a0hotelu Venus Karlovy Vary se zam\u011b\u0159uje krom\u011b typicky karlovarsk\u00fdch indikac\u00ed, jako jsou gastroenterologick\u00e1 onemocn\u011bn\u00ed a poruchy l\u00e1tkov\u00e9 v\u00fdm\u011bny (diabetes mellitus), p\u0159edev\u0161\u00edm na l\u00e9\u010den\u00ed nadv\u00e1hy a nemoci pohybov\u00e9ho \u00fastroj\u00ed, zejm\u00e9na pak onemocn\u011bn\u00ed p\u00e1te\u0159e a bolest\u00ed zad.  L\u00e9\u010debn\u00e9 procedury by samy o sob\u011b nebyly \u00fa\u010dinn\u00e9, kdyby v\u00a0na\u0161em hotelu Venus Karlovy Vary nepracoval t\u00fdm speci\u00e1ln\u011b vy\u0161kolen\u00fdch odborn\u00edk\u016f s\u00a0dlouholet\u00fdmi zku\u0161enostmi v\u00a0l\u00e1ze\u0148stv\u00ed.  Odborn\u00fdm garantem l\u00e1ze\u0148sk\u00e9 p\u00e9\u010de je vedouc\u00ed l\u00e9ka\u0159ka, MUDr. Nad\u011b\u017eda Pile\u010dkov\u00e1, kter\u00e1 m\u00e1 atestace z neurologie, fyziatrie, balneologie a l\u00e9\u010debn\u00e9 rehabilitace a t\u00e9m\u011b\u0159 10 let praxe v\u00a0karlovarsk\u00e9m l\u00e1ze\u0148sk\u00e9m provozu.  D\u00e1le o na\u0161e pacienty v hotelu Venus Karlovy Vary pe\u010duje cel\u00fd t\u00fdm zku\u0161en\u00fdch mas\u00e9r\u016f, fyzioterapeutek, zdravotn\u00edch sester a l\u00e1ze\u0148sk\u00fdch.  N\u00e1\u0161 l\u00e9\u010debn\u00fd program je v\u017edy sestavov\u00e1n tak, aby co nejv\u00edce vyhov\u011bl individu\u00e1ln\u00edm pot\u0159eb\u00e1m ka\u017ed\u00e9ho pacienta a co nejv\u00edce je p\u0159izp\u016fsoben jeho zdravotn\u00edmu stavu\" \/>\n<meta name=\"robots\" content=\"index, follow, max-snippet:-1, max-image-preview:large, max-video-preview:-1\" \/>\n<link rel=\"canonical\" href=\"https:\/\/www.hotelvenus.cz\/cs\/leceni\/\" \/>\n<meta property=\"og:locale\" content=\"cs_CZ\" \/>\n<meta property=\"og:type\" content=\"article\" \/>\n<meta property=\"og:title\" content=\"L\u00e9\u010den\u00ed &#183; Hotel Venus &#183;\" \/>\n<meta property=\"og:description\" content=\"V\u00e1\u017een\u00fd l\u00e1ze\u0148sk\u00fd hoste,  je mi velk\u00fdm pot\u011b\u0161en\u00edm p\u0159iv\u00edtat V\u00e1s v\u00a0na\u0161em l\u00e1ze\u0148sk\u00e9m hotelu Venus**** v\u00a0Karlov\u00fdch Varech.  L\u00e9\u010den\u00ed v\u00a0hotelu Venus Karlovy Vary se zam\u011b\u0159uje krom\u011b typicky karlovarsk\u00fdch indikac\u00ed, jako jsou gastroenterologick\u00e1 onemocn\u011bn\u00ed a poruchy l\u00e1tkov\u00e9 v\u00fdm\u011bny (diabetes mellitus), p\u0159edev\u0161\u00edm na l\u00e9\u010den\u00ed nadv\u00e1hy a nemoci pohybov\u00e9ho \u00fastroj\u00ed, zejm\u00e9na pak onemocn\u011bn\u00ed p\u00e1te\u0159e a bolest\u00ed zad.  L\u00e9\u010debn\u00e9 procedury by samy o sob\u011b nebyly \u00fa\u010dinn\u00e9, kdyby v\u00a0na\u0161em hotelu Venus Karlovy Vary nepracoval t\u00fdm speci\u00e1ln\u011b vy\u0161kolen\u00fdch odborn\u00edk\u016f s\u00a0dlouholet\u00fdmi zku\u0161enostmi v\u00a0l\u00e1ze\u0148stv\u00ed.  Odborn\u00fdm garantem l\u00e1ze\u0148sk\u00e9 p\u00e9\u010de je vedouc\u00ed l\u00e9ka\u0159ka, MUDr. Nad\u011b\u017eda Pile\u010dkov\u00e1, kter\u00e1 m\u00e1 atestace z neurologie, fyziatrie, balneologie a l\u00e9\u010debn\u00e9 rehabilitace a t\u00e9m\u011b\u0159 10 let praxe v\u00a0karlovarsk\u00e9m l\u00e1ze\u0148sk\u00e9m provozu.  D\u00e1le o na\u0161e pacienty v hotelu Venus Karlovy Vary pe\u010duje cel\u00fd t\u00fdm zku\u0161en\u00fdch mas\u00e9r\u016f, fyzioterapeutek, zdravotn\u00edch sester a l\u00e1ze\u0148sk\u00fdch.  N\u00e1\u0161 l\u00e9\u010debn\u00fd program je v\u017edy sestavov\u00e1n tak, aby co nejv\u00edce vyhov\u011bl individu\u00e1ln\u00edm pot\u0159eb\u00e1m ka\u017ed\u00e9ho pacienta a co nejv\u00edce je p\u0159izp\u016fsoben jeho zdravotn\u00edmu stavu\" \/>\n<meta property=\"og:url\" content=\"https:\/\/www.hotelvenus.cz\/cs\/leceni\/\" \/>\n<meta property=\"og:site_name\" content=\"Hotel Venus\" \/>\n<meta property=\"article:modified_time\" content=\"2025-12-31T08:51:05+00:00\" \/>\n<meta name=\"twitter:card\" content=\"summary_large_image\" \/>\n<meta name=\"twitter:label1\" content=\"Odhadovan\u00e1 doba \u010dten\u00ed\" \/>\n\t<meta name=\"twitter:data1\" content=\"2 minuty\" \/>\n<script type=\"application\/ld+json\" class=\"yoast-schema-graph\">{\"@context\":\"https:\/\/schema.org\",\"@graph\":[{\"@type\":\"WebPage\",\"@id\":\"https:\/\/www.hotelvenus.cz\/cs\/leceni\/\",\"url\":\"https:\/\/www.hotelvenus.cz\/cs\/leceni\/\",\"name\":\"L\u00e9\u010den\u00ed &#183; Hotel Venus &#183;\",\"isPartOf\":{\"@id\":\"https:\/\/www.hotelvenus.cz\/cs\/#website\"},\"datePublished\":\"2022-04-21T13:49:27+00:00\",\"dateModified\":\"2025-12-31T08:51:05+00:00\",\"description\":\"V\u00e1\u017een\u00fd l\u00e1ze\u0148sk\u00fd hoste, je mi velk\u00fdm pot\u011b\u0161en\u00edm p\u0159iv\u00edtat V\u00e1s v\u00a0na\u0161em l\u00e1ze\u0148sk\u00e9m hotelu Venus**** v\u00a0Karlov\u00fdch Varech. L\u00e9\u010den\u00ed v\u00a0hotelu Venus Karlovy Vary se zam\u011b\u0159uje krom\u011b typicky karlovarsk\u00fdch indikac\u00ed, jako jsou gastroenterologick\u00e1 onemocn\u011bn\u00ed a poruchy l\u00e1tkov\u00e9 v\u00fdm\u011bny (diabetes mellitus), p\u0159edev\u0161\u00edm na l\u00e9\u010den\u00ed nadv\u00e1hy a nemoci pohybov\u00e9ho \u00fastroj\u00ed, zejm\u00e9na pak onemocn\u011bn\u00ed p\u00e1te\u0159e a bolest\u00ed zad. L\u00e9\u010debn\u00e9 procedury by samy o sob\u011b nebyly \u00fa\u010dinn\u00e9, kdyby v\u00a0na\u0161em hotelu Venus Karlovy Vary nepracoval t\u00fdm speci\u00e1ln\u011b vy\u0161kolen\u00fdch odborn\u00edk\u016f s\u00a0dlouholet\u00fdmi zku\u0161enostmi v\u00a0l\u00e1ze\u0148stv\u00ed. Odborn\u00fdm garantem l\u00e1ze\u0148sk\u00e9 p\u00e9\u010de je vedouc\u00ed l\u00e9ka\u0159ka, MUDr. Nad\u011b\u017eda Pile\u010dkov\u00e1, kter\u00e1 m\u00e1 atestace z neurologie, fyziatrie, balneologie a l\u00e9\u010debn\u00e9 rehabilitace a t\u00e9m\u011b\u0159 10 let praxe v\u00a0karlovarsk\u00e9m l\u00e1ze\u0148sk\u00e9m provozu. D\u00e1le o na\u0161e pacienty v hotelu Venus Karlovy Vary pe\u010duje cel\u00fd t\u00fdm zku\u0161en\u00fdch mas\u00e9r\u016f, fyzioterapeutek, zdravotn\u00edch sester a l\u00e1ze\u0148sk\u00fdch. N\u00e1\u0161 l\u00e9\u010debn\u00fd program je v\u017edy sestavov\u00e1n tak, aby co nejv\u00edce vyhov\u011bl individu\u00e1ln\u00edm pot\u0159eb\u00e1m ka\u017ed\u00e9ho pacienta a co nejv\u00edce je p\u0159izp\u016fsoben jeho zdravotn\u00edmu stavu\",\"breadcrumb\":{\"@id\":\"https:\/\/www.hotelvenus.cz\/cs\/leceni\/#breadcrumb\"},\"inLanguage\":\"cs\",\"potentialAction\":[{\"@type\":\"ReadAction\",\"target\":[\"https:\/\/www.hotelvenus.cz\/cs\/leceni\/\"]}]},{\"@type\":\"BreadcrumbList\",\"@id\":\"https:\/\/www.hotelvenus.cz\/cs\/leceni\/#breadcrumb\",\"itemListElement\":[{\"@type\":\"ListItem\",\"position\":1,\"name\":\"Home\",\"item\":\"https:\/\/www.hotelvenus.cz\/cs\/\"},{\"@type\":\"ListItem\",\"position\":2,\"name\":\"L\u00e9\u010den\u00ed\"}]},{\"@type\":\"WebSite\",\"@id\":\"https:\/\/www.hotelvenus.cz\/cs\/#website\",\"url\":\"https:\/\/www.hotelvenus.cz\/cs\/\",\"name\":\"Hotel Venus\",\"description\":\"Ecco un altro sito ms.decms.eu\",\"potentialAction\":[{\"@type\":\"SearchAction\",\"target\":{\"@type\":\"EntryPoint\",\"urlTemplate\":\"https:\/\/www.hotelvenus.cz\/cs\/?s={search_term_string}\"},\"query-input\":{\"@type\":\"PropertyValueSpecification\",\"valueRequired\":true,\"valueName\":\"search_term_string\"}}],\"inLanguage\":\"cs\"}]}<\/script>\n<!-- \/ Yoast SEO plugin. -->","yoast_head_json":{"title":"L\u00e9\u010den\u00ed &#183; Hotel Venus &#183;","description":"V\u00e1\u017een\u00fd l\u00e1ze\u0148sk\u00fd hoste,  je mi velk\u00fdm pot\u011b\u0161en\u00edm p\u0159iv\u00edtat V\u00e1s v\u00a0na\u0161em l\u00e1ze\u0148sk\u00e9m hotelu Venus**** v\u00a0Karlov\u00fdch Varech.  L\u00e9\u010den\u00ed v\u00a0hotelu Venus Karlovy Vary se zam\u011b\u0159uje krom\u011b typicky karlovarsk\u00fdch indikac\u00ed, jako jsou gastroenterologick\u00e1 onemocn\u011bn\u00ed a poruchy l\u00e1tkov\u00e9 v\u00fdm\u011bny (diabetes mellitus), p\u0159edev\u0161\u00edm na l\u00e9\u010den\u00ed nadv\u00e1hy a nemoci pohybov\u00e9ho \u00fastroj\u00ed, zejm\u00e9na pak onemocn\u011bn\u00ed p\u00e1te\u0159e a bolest\u00ed zad.  L\u00e9\u010debn\u00e9 procedury by samy o sob\u011b nebyly \u00fa\u010dinn\u00e9, kdyby v\u00a0na\u0161em hotelu Venus Karlovy Vary nepracoval t\u00fdm speci\u00e1ln\u011b vy\u0161kolen\u00fdch odborn\u00edk\u016f s\u00a0dlouholet\u00fdmi zku\u0161enostmi v\u00a0l\u00e1ze\u0148stv\u00ed.  Odborn\u00fdm garantem l\u00e1ze\u0148sk\u00e9 p\u00e9\u010de je vedouc\u00ed l\u00e9ka\u0159ka, MUDr. Nad\u011b\u017eda Pile\u010dkov\u00e1, kter\u00e1 m\u00e1 atestace z neurologie, fyziatrie, balneologie a l\u00e9\u010debn\u00e9 rehabilitace a t\u00e9m\u011b\u0159 10 let praxe v\u00a0karlovarsk\u00e9m l\u00e1ze\u0148sk\u00e9m provozu.  D\u00e1le o na\u0161e pacienty v hotelu Venus Karlovy Vary pe\u010duje cel\u00fd t\u00fdm zku\u0161en\u00fdch mas\u00e9r\u016f, fyzioterapeutek, zdravotn\u00edch sester a l\u00e1ze\u0148sk\u00fdch.  N\u00e1\u0161 l\u00e9\u010debn\u00fd program je v\u017edy sestavov\u00e1n tak, aby co nejv\u00edce vyhov\u011bl individu\u00e1ln\u00edm pot\u0159eb\u00e1m ka\u017ed\u00e9ho pacienta a co nejv\u00edce je p\u0159izp\u016fsoben jeho zdravotn\u00edmu stavu","robots":{"index":"index","follow":"follow","max-snippet":"max-snippet:-1","max-image-preview":"max-image-preview:large","max-video-preview":"max-video-preview:-1"},"canonical":"https:\/\/www.hotelvenus.cz\/cs\/leceni\/","og_locale":"cs_CZ","og_type":"article","og_title":"L\u00e9\u010den\u00ed &#183; Hotel Venus &#183;","og_description":"V\u00e1\u017een\u00fd l\u00e1ze\u0148sk\u00fd hoste,  je mi velk\u00fdm pot\u011b\u0161en\u00edm p\u0159iv\u00edtat V\u00e1s v\u00a0na\u0161em l\u00e1ze\u0148sk\u00e9m hotelu Venus**** v\u00a0Karlov\u00fdch Varech.  L\u00e9\u010den\u00ed v\u00a0hotelu Venus Karlovy Vary se zam\u011b\u0159uje krom\u011b typicky karlovarsk\u00fdch indikac\u00ed, jako jsou gastroenterologick\u00e1 onemocn\u011bn\u00ed a poruchy l\u00e1tkov\u00e9 v\u00fdm\u011bny (diabetes mellitus), p\u0159edev\u0161\u00edm na l\u00e9\u010den\u00ed nadv\u00e1hy a nemoci pohybov\u00e9ho \u00fastroj\u00ed, zejm\u00e9na pak onemocn\u011bn\u00ed p\u00e1te\u0159e a bolest\u00ed zad.  L\u00e9\u010debn\u00e9 procedury by samy o sob\u011b nebyly \u00fa\u010dinn\u00e9, kdyby v\u00a0na\u0161em hotelu Venus Karlovy Vary nepracoval t\u00fdm speci\u00e1ln\u011b vy\u0161kolen\u00fdch odborn\u00edk\u016f s\u00a0dlouholet\u00fdmi zku\u0161enostmi v\u00a0l\u00e1ze\u0148stv\u00ed.  Odborn\u00fdm garantem l\u00e1ze\u0148sk\u00e9 p\u00e9\u010de je vedouc\u00ed l\u00e9ka\u0159ka, MUDr. Nad\u011b\u017eda Pile\u010dkov\u00e1, kter\u00e1 m\u00e1 atestace z neurologie, fyziatrie, balneologie a l\u00e9\u010debn\u00e9 rehabilitace a t\u00e9m\u011b\u0159 10 let praxe v\u00a0karlovarsk\u00e9m l\u00e1ze\u0148sk\u00e9m provozu.  D\u00e1le o na\u0161e pacienty v hotelu Venus Karlovy Vary pe\u010duje cel\u00fd t\u00fdm zku\u0161en\u00fdch mas\u00e9r\u016f, fyzioterapeutek, zdravotn\u00edch sester a l\u00e1ze\u0148sk\u00fdch.  N\u00e1\u0161 l\u00e9\u010debn\u00fd program je v\u017edy sestavov\u00e1n tak, aby co nejv\u00edce vyhov\u011bl individu\u00e1ln\u00edm pot\u0159eb\u00e1m ka\u017ed\u00e9ho pacienta a co nejv\u00edce je p\u0159izp\u016fsoben jeho zdravotn\u00edmu stavu","og_url":"https:\/\/www.hotelvenus.cz\/cs\/leceni\/","og_site_name":"Hotel Venus","article_modified_time":"2025-12-31T08:51:05+00:00","twitter_card":"summary_large_image","twitter_misc":{"Odhadovan\u00e1 doba \u010dten\u00ed":"2 minuty"},"schema":{"@context":"https:\/\/schema.org","@graph":[{"@type":"WebPage","@id":"https:\/\/www.hotelvenus.cz\/cs\/leceni\/","url":"https:\/\/www.hotelvenus.cz\/cs\/leceni\/","name":"L\u00e9\u010den\u00ed &#183; Hotel Venus &#183;","isPartOf":{"@id":"https:\/\/www.hotelvenus.cz\/cs\/#website"},"datePublished":"2022-04-21T13:49:27+00:00","dateModified":"2025-12-31T08:51:05+00:00","description":"V\u00e1\u017een\u00fd l\u00e1ze\u0148sk\u00fd hoste, je mi velk\u00fdm pot\u011b\u0161en\u00edm p\u0159iv\u00edtat V\u00e1s v\u00a0na\u0161em l\u00e1ze\u0148sk\u00e9m hotelu Venus**** v\u00a0Karlov\u00fdch Varech. L\u00e9\u010den\u00ed v\u00a0hotelu Venus Karlovy Vary se zam\u011b\u0159uje krom\u011b typicky karlovarsk\u00fdch indikac\u00ed, jako jsou gastroenterologick\u00e1 onemocn\u011bn\u00ed a poruchy l\u00e1tkov\u00e9 v\u00fdm\u011bny (diabetes mellitus), p\u0159edev\u0161\u00edm na l\u00e9\u010den\u00ed nadv\u00e1hy a nemoci pohybov\u00e9ho \u00fastroj\u00ed, zejm\u00e9na pak onemocn\u011bn\u00ed p\u00e1te\u0159e a bolest\u00ed zad. L\u00e9\u010debn\u00e9 procedury by samy o sob\u011b nebyly \u00fa\u010dinn\u00e9, kdyby v\u00a0na\u0161em hotelu Venus Karlovy Vary nepracoval t\u00fdm speci\u00e1ln\u011b vy\u0161kolen\u00fdch odborn\u00edk\u016f s\u00a0dlouholet\u00fdmi zku\u0161enostmi v\u00a0l\u00e1ze\u0148stv\u00ed. Odborn\u00fdm garantem l\u00e1ze\u0148sk\u00e9 p\u00e9\u010de je vedouc\u00ed l\u00e9ka\u0159ka, MUDr. Nad\u011b\u017eda Pile\u010dkov\u00e1, kter\u00e1 m\u00e1 atestace z neurologie, fyziatrie, balneologie a l\u00e9\u010debn\u00e9 rehabilitace a t\u00e9m\u011b\u0159 10 let praxe v\u00a0karlovarsk\u00e9m l\u00e1ze\u0148sk\u00e9m provozu. D\u00e1le o na\u0161e pacienty v hotelu Venus Karlovy Vary pe\u010duje cel\u00fd t\u00fdm zku\u0161en\u00fdch mas\u00e9r\u016f, fyzioterapeutek, zdravotn\u00edch sester a l\u00e1ze\u0148sk\u00fdch. N\u00e1\u0161 l\u00e9\u010debn\u00fd program je v\u017edy sestavov\u00e1n tak, aby co nejv\u00edce vyhov\u011bl individu\u00e1ln\u00edm pot\u0159eb\u00e1m ka\u017ed\u00e9ho pacienta a co nejv\u00edce je p\u0159izp\u016fsoben jeho zdravotn\u00edmu stavu","breadcrumb":{"@id":"https:\/\/www.hotelvenus.cz\/cs\/leceni\/#breadcrumb"},"inLanguage":"cs","potentialAction":[{"@type":"ReadAction","target":["https:\/\/www.hotelvenus.cz\/cs\/leceni\/"]}]},{"@type":"BreadcrumbList","@id":"https:\/\/www.hotelvenus.cz\/cs\/leceni\/#breadcrumb","itemListElement":[{"@type":"ListItem","position":1,"name":"Home","item":"https:\/\/www.hotelvenus.cz\/cs\/"},{"@type":"ListItem","position":2,"name":"L\u00e9\u010den\u00ed"}]},{"@type":"WebSite","@id":"https:\/\/www.hotelvenus.cz\/cs\/#website","url":"https:\/\/www.hotelvenus.cz\/cs\/","name":"Hotel Venus","description":"Ecco un altro sito ms.decms.eu","potentialAction":[{"@type":"SearchAction","target":{"@type":"EntryPoint","urlTemplate":"https:\/\/www.hotelvenus.cz\/cs\/?s={search_term_string}"},"query-input":{"@type":"PropertyValueSpecification","valueRequired":true,"valueName":"search_term_string"}}],"inLanguage":"cs"}]}},"acf":[],"_links":{"self":[{"href":"https:\/\/www.hotelvenus.cz\/cs\/wp-json\/wp\/v2\/pages\/489","targetHints":{"allow":["GET"]}}],"collection":[{"href":"https:\/\/www.hotelvenus.cz\/cs\/wp-json\/wp\/v2\/pages"}],"about":[{"href":"https:\/\/www.hotelvenus.cz\/cs\/wp-json\/wp\/v2\/types\/page"}],"author":[{"embeddable":true,"href":"https:\/\/www.hotelvenus.cz\/cs\/wp-json\/wp\/v2\/users\/13"}],"replies":[{"embeddable":true,"href":"https:\/\/www.hotelvenus.cz\/cs\/wp-json\/wp\/v2\/comments?post=489"}],"version-history":[{"count":0,"href":"https:\/\/www.hotelvenus.cz\/cs\/wp-json\/wp\/v2\/pages\/489\/revisions"}],"wp:attachment":[{"href":"https:\/\/www.hotelvenus.cz\/cs\/wp-json\/wp\/v2\/media?parent=489"}],"curies":[{"name":"wp","href":"https:\/\/api.w.org\/{rel}","templated":true}]}}