{"id":502,"date":"2022-04-21T16:37:04","date_gmt":"2022-04-21T14:37:04","guid":{"rendered":"https:\/\/hotelvenus.ms.decms.eu\/?page_id=502"},"modified":"2022-04-21T16:37:04","modified_gmt":"2022-04-21T14:37:04","slug":"historie","status":"publish","type":"page","link":"https:\/\/www.hotelvenus.cz\/cs\/historie\/","title":{"rendered":"Historie"},"content":{"rendered":"<p>Karlovarsk\u00fd<strong> Hotel Venus<\/strong> se skl\u00e1d\u00e1 ze t\u0159\u00ed navz\u00e1jem propojen\u00fdch dom\u016f, p\u0159i\u010dem\u017e ka\u017ed\u00fd m\u00e1 svou vlastn\u00ed historii.<\/p>\n<p><strong>1871<\/strong>\u00a0\u2014 Na m\u00edst\u011b tzv. \u201cVolsk\u00e9 ba\u017einy\u201d <em>(Ochsenloch)<\/em> bylo rozhodnuto vybudovat Sadovou ulici.<\/p>\n<p><strong>1874\u20131877 \u2014\u00a0<\/strong>Byly vystaveny obytn\u00e9 domy <strong>Newa<\/strong>, <strong>Venus<\/strong> a <strong>Kaiser Franz<\/strong> <small>(z\u00e1klady sou\u010dasn\u00e9ho hotelu Venus)<\/small>.<\/p>\n<p><strong>1880\u20131890 \u2014\u00a0<\/strong>V\u0161ichni majitel\u00e9 p\u0159izp\u016fsobuj\u00ed interi\u00e9ry sv\u00fdch dom\u016f l\u00e1ze\u0148sk\u00fdm pot\u0159eb\u00e1m. Buduj\u00ed se koupelny, j\u00eddelny, spole\u010densk\u00e9 m\u00edstnosti, v\u00fdtahy a kuchyn\u011b. Majitel\u00e9 jsou p\u0159ev\u00e1\u017en\u011b l\u00e9ka\u0159i. V t\u00e9 dob\u011b jsou ordina\u010dn\u00ed hodiny od 7\u20139 hod. a od 15\u201316 hod., pop\u0159. 8\u201310 hod. a 15\u201317 hod.<\/p>\n<p><strong>1900\u20131915 \u2014\u00a0<\/strong>Stav\u011bj\u00ed se n\u00e1stavby 4. a 5. patra, aby bylo k dispozici v\u00edce l\u00e1ze\u0148sk\u00fdch l\u016f\u017eek.<\/p>\n<p><strong>1918<\/strong><br \/>\nD\u016fm <strong>Kaiser Franz<\/strong> je p\u0159ejmenov\u00e1n na <strong>\u201cHaus Franz\u201d<\/strong>.<\/p>\n<p><strong>Po r. 1945<\/strong><br \/>\nDoch\u00e1z\u00ed k zest\u00e1tn\u011bn\u00ed. Jedin\u00fd d\u016fm Venus slou\u017e\u00ed d\u00e1le l\u00e1ze\u0148sk\u00fdm \u00fa\u010del\u016fm. M\u00e1 k dispozici 25 pokoj\u016f se 42 l\u016f\u017eky. Je p\u0159ejmenov\u00e1n na d\u016fm <strong>\u0160umava<\/strong>. Z l\u00e1ze\u0148sk\u00e9ho domu <strong>Newa<\/strong> se st\u00e1v\u00e1 obytn\u00fd d\u016fm a z domu <strong>Franz<\/strong> kancel\u00e1\u0159e.<\/p>\n<p><strong>1985<\/strong><br \/>\nSt\u00e1tn\u00ed podnik <em>\u010ceskoslovensk\u00e9 st\u00e1tn\u00ed l\u00e1zn\u011b<\/em> p\u0159eb\u00edr\u00e1 v\u0161echny t\u0159i domy, prov\u00e1d\u00ed rozs\u00e1hlou rekonstrukci a t\u00edm vybuduje nov\u00fd l\u00e1ze\u0148sk\u00fd d\u016fm s celkov\u00fdm po\u010dtem 62 pokoj\u016f a 110 l\u016f\u017eek. Tento nov\u00fd l\u00e1ze\u0148sk\u00fd d\u016fm dostal jm\u00e9no <strong>V\u00fdmar<\/strong>.<\/p>\n<p><strong>1991\u20131997<\/strong><br \/>\nRestituce \u2013 doch\u00e1t\u00ed k n\u00e1vratu majetku p\u016fvodn\u00edm majitel\u016fm.<\/p>\n<p><strong>1998<\/strong><br \/>\nB\u00fdval\u00fd l\u00e1ze\u0148sk\u00fd d\u016fm <strong>V\u00fdmar<\/strong> kupuje <em>Penzijn\u00ed fond Komer\u010dn\u00ed banky a. s.<\/em><\/p>\n<p><strong>1999\u20132001<\/strong><br \/>\nProb\u00edh\u00e1 rekonstrukce a modernizace.<\/p>\n<p><strong>1. 4. 2001<\/strong><br \/>\nSlavnostn\u00ed otev\u0159en\u00ed nov\u00e9ho l\u00e1ze\u0148sk\u00e9ho hotelu <strong>Venus \u2013 hotelu nov\u00e9ho tis\u00edcilet\u00ed<\/strong>.<\/p>\n","protected":false},"excerpt":{"rendered":"<p>Karlovarsk\u00fd Hotel Venus se skl\u00e1d\u00e1 ze t\u0159\u00ed navz\u00e1jem propojen\u00fdch dom\u016f, p\u0159i\u010dem\u017e ka\u017ed\u00fd m\u00e1 svou vlastn\u00ed historii. 1871\u00a0\u2014 Na m\u00edst\u011b tzv. \u201cVolsk\u00e9 ba\u017einy\u201d (Ochsenloch) bylo rozhodnuto vybudovat Sadovou ulici. 1874\u20131877 \u2014\u00a0Byly vystaveny obytn\u00e9 domy Newa, Venus a Kaiser Franz (z\u00e1klady sou\u010dasn\u00e9ho hotelu Venus). 1880\u20131890 \u2014\u00a0V\u0161ichni majitel\u00e9 p\u0159izp\u016fsobuj\u00ed interi\u00e9ry sv\u00fdch dom\u016f l\u00e1ze\u0148sk\u00fdm pot\u0159eb\u00e1m. Buduj\u00ed se koupelny, j\u00eddelny, [&hellip;]<\/p>\n","protected":false},"author":13,"featured_media":0,"parent":0,"menu_order":60,"comment_status":"closed","ping_status":"closed","template":"","meta":{"footnotes":""},"class_list":["post-502","page","type-page","status-publish","hentry"],"yoast_head":"<!-- This site is optimized with the Yoast SEO plugin v26.9 - https:\/\/yoast.com\/product\/yoast-seo-wordpress\/ -->\n<title>Historie &#183; Hotel Venus &#183;<\/title>\n<meta name=\"description\" content=\"Karlovarsk\u00fd Hotel Venus se skl\u00e1d\u00e1 ze t\u0159\u00ed navz\u00e1jem propojen\u00fdch dom\u016f, p\u0159i\u010dem\u017e ka\u017ed\u00fd m\u00e1 svou vlastn\u00ed historii.  1871\u00a0\u2014 Na m\u00edst\u011b tzv. \u201cVolsk\u00e9 ba\u017einy\u201d (Ochsenloch) bylo rozhodnuto vybudovat Sadovou ulici.  1874\u20131877 \u2014\u00a0Byly vystaveny obytn\u00e9 domy Newa, Venus a Kaiser Franz (z\u00e1klady sou\u010dasn\u00e9ho hotelu Venus).  1880\u20131890 \u2014\u00a0V\u0161ichni majitel\u00e9 p\u0159izp\u016fsobuj\u00ed interi\u00e9ry sv\u00fdch dom\u016f l\u00e1ze\u0148sk\u00fdm pot\u0159eb\u00e1m\" \/>\n<meta name=\"robots\" content=\"index, follow, max-snippet:-1, max-image-preview:large, max-video-preview:-1\" \/>\n<link rel=\"canonical\" href=\"https:\/\/www.hotelvenus.cz\/cs\/historie\/\" \/>\n<meta property=\"og:locale\" content=\"cs_CZ\" \/>\n<meta property=\"og:type\" content=\"article\" \/>\n<meta property=\"og:title\" content=\"Historie &#183; Hotel Venus &#183;\" \/>\n<meta property=\"og:description\" content=\"Karlovarsk\u00fd Hotel Venus se skl\u00e1d\u00e1 ze t\u0159\u00ed navz\u00e1jem propojen\u00fdch dom\u016f, p\u0159i\u010dem\u017e ka\u017ed\u00fd m\u00e1 svou vlastn\u00ed historii.  1871\u00a0\u2014 Na m\u00edst\u011b tzv. \u201cVolsk\u00e9 ba\u017einy\u201d (Ochsenloch) bylo rozhodnuto vybudovat Sadovou ulici.  1874\u20131877 \u2014\u00a0Byly vystaveny obytn\u00e9 domy Newa, Venus a Kaiser Franz (z\u00e1klady sou\u010dasn\u00e9ho hotelu Venus).  1880\u20131890 \u2014\u00a0V\u0161ichni majitel\u00e9 p\u0159izp\u016fsobuj\u00ed interi\u00e9ry sv\u00fdch dom\u016f l\u00e1ze\u0148sk\u00fdm pot\u0159eb\u00e1m\" \/>\n<meta property=\"og:url\" content=\"https:\/\/www.hotelvenus.cz\/cs\/historie\/\" \/>\n<meta property=\"og:site_name\" content=\"Hotel Venus\" \/>\n<meta name=\"twitter:card\" content=\"summary_large_image\" \/>\n<meta name=\"twitter:label1\" content=\"Odhadovan\u00e1 doba \u010dten\u00ed\" \/>\n\t<meta name=\"twitter:data1\" content=\"1 minuta\" \/>\n<script type=\"application\/ld+json\" class=\"yoast-schema-graph\">{\"@context\":\"https:\/\/schema.org\",\"@graph\":[{\"@type\":\"WebPage\",\"@id\":\"https:\/\/www.hotelvenus.cz\/cs\/historie\/\",\"url\":\"https:\/\/www.hotelvenus.cz\/cs\/historie\/\",\"name\":\"Historie &#183; Hotel Venus &#183;\",\"isPartOf\":{\"@id\":\"https:\/\/www.hotelvenus.cz\/cs\/#website\"},\"datePublished\":\"2022-04-21T14:37:04+00:00\",\"description\":\"Karlovarsk\u00fd Hotel Venus se skl\u00e1d\u00e1 ze t\u0159\u00ed navz\u00e1jem propojen\u00fdch dom\u016f, p\u0159i\u010dem\u017e ka\u017ed\u00fd m\u00e1 svou vlastn\u00ed historii. 1871\u00a0\u2014 Na m\u00edst\u011b tzv. \u201cVolsk\u00e9 ba\u017einy\u201d (Ochsenloch) bylo rozhodnuto vybudovat Sadovou ulici. 1874\u20131877 \u2014\u00a0Byly vystaveny obytn\u00e9 domy Newa, Venus a Kaiser Franz (z\u00e1klady sou\u010dasn\u00e9ho hotelu Venus). 1880\u20131890 \u2014\u00a0V\u0161ichni majitel\u00e9 p\u0159izp\u016fsobuj\u00ed interi\u00e9ry sv\u00fdch dom\u016f l\u00e1ze\u0148sk\u00fdm pot\u0159eb\u00e1m\",\"breadcrumb\":{\"@id\":\"https:\/\/www.hotelvenus.cz\/cs\/historie\/#breadcrumb\"},\"inLanguage\":\"cs\",\"potentialAction\":[{\"@type\":\"ReadAction\",\"target\":[\"https:\/\/www.hotelvenus.cz\/cs\/historie\/\"]}]},{\"@type\":\"BreadcrumbList\",\"@id\":\"https:\/\/www.hotelvenus.cz\/cs\/historie\/#breadcrumb\",\"itemListElement\":[{\"@type\":\"ListItem\",\"position\":1,\"name\":\"Home\",\"item\":\"https:\/\/www.hotelvenus.cz\/cs\/\"},{\"@type\":\"ListItem\",\"position\":2,\"name\":\"Historie\"}]},{\"@type\":\"WebSite\",\"@id\":\"https:\/\/www.hotelvenus.cz\/cs\/#website\",\"url\":\"https:\/\/www.hotelvenus.cz\/cs\/\",\"name\":\"Hotel Venus\",\"description\":\"Ecco un altro sito ms.decms.eu\",\"potentialAction\":[{\"@type\":\"SearchAction\",\"target\":{\"@type\":\"EntryPoint\",\"urlTemplate\":\"https:\/\/www.hotelvenus.cz\/cs\/?s={search_term_string}\"},\"query-input\":{\"@type\":\"PropertyValueSpecification\",\"valueRequired\":true,\"valueName\":\"search_term_string\"}}],\"inLanguage\":\"cs\"}]}<\/script>\n<!-- \/ Yoast SEO plugin. -->","yoast_head_json":{"title":"Historie &#183; Hotel Venus &#183;","description":"Karlovarsk\u00fd Hotel Venus se skl\u00e1d\u00e1 ze t\u0159\u00ed navz\u00e1jem propojen\u00fdch dom\u016f, p\u0159i\u010dem\u017e ka\u017ed\u00fd m\u00e1 svou vlastn\u00ed historii.  1871\u00a0\u2014 Na m\u00edst\u011b tzv. \u201cVolsk\u00e9 ba\u017einy\u201d (Ochsenloch) bylo rozhodnuto vybudovat Sadovou ulici.  1874\u20131877 \u2014\u00a0Byly vystaveny obytn\u00e9 domy Newa, Venus a Kaiser Franz (z\u00e1klady sou\u010dasn\u00e9ho hotelu Venus).  1880\u20131890 \u2014\u00a0V\u0161ichni majitel\u00e9 p\u0159izp\u016fsobuj\u00ed interi\u00e9ry sv\u00fdch dom\u016f l\u00e1ze\u0148sk\u00fdm pot\u0159eb\u00e1m","robots":{"index":"index","follow":"follow","max-snippet":"max-snippet:-1","max-image-preview":"max-image-preview:large","max-video-preview":"max-video-preview:-1"},"canonical":"https:\/\/www.hotelvenus.cz\/cs\/historie\/","og_locale":"cs_CZ","og_type":"article","og_title":"Historie &#183; Hotel Venus &#183;","og_description":"Karlovarsk\u00fd Hotel Venus se skl\u00e1d\u00e1 ze t\u0159\u00ed navz\u00e1jem propojen\u00fdch dom\u016f, p\u0159i\u010dem\u017e ka\u017ed\u00fd m\u00e1 svou vlastn\u00ed historii.  1871\u00a0\u2014 Na m\u00edst\u011b tzv. \u201cVolsk\u00e9 ba\u017einy\u201d (Ochsenloch) bylo rozhodnuto vybudovat Sadovou ulici.  1874\u20131877 \u2014\u00a0Byly vystaveny obytn\u00e9 domy Newa, Venus a Kaiser Franz (z\u00e1klady sou\u010dasn\u00e9ho hotelu Venus).  1880\u20131890 \u2014\u00a0V\u0161ichni majitel\u00e9 p\u0159izp\u016fsobuj\u00ed interi\u00e9ry sv\u00fdch dom\u016f l\u00e1ze\u0148sk\u00fdm pot\u0159eb\u00e1m","og_url":"https:\/\/www.hotelvenus.cz\/cs\/historie\/","og_site_name":"Hotel Venus","twitter_card":"summary_large_image","twitter_misc":{"Odhadovan\u00e1 doba \u010dten\u00ed":"1 minuta"},"schema":{"@context":"https:\/\/schema.org","@graph":[{"@type":"WebPage","@id":"https:\/\/www.hotelvenus.cz\/cs\/historie\/","url":"https:\/\/www.hotelvenus.cz\/cs\/historie\/","name":"Historie &#183; Hotel Venus &#183;","isPartOf":{"@id":"https:\/\/www.hotelvenus.cz\/cs\/#website"},"datePublished":"2022-04-21T14:37:04+00:00","description":"Karlovarsk\u00fd Hotel Venus se skl\u00e1d\u00e1 ze t\u0159\u00ed navz\u00e1jem propojen\u00fdch dom\u016f, p\u0159i\u010dem\u017e ka\u017ed\u00fd m\u00e1 svou vlastn\u00ed historii. 1871\u00a0\u2014 Na m\u00edst\u011b tzv. \u201cVolsk\u00e9 ba\u017einy\u201d (Ochsenloch) bylo rozhodnuto vybudovat Sadovou ulici. 1874\u20131877 \u2014\u00a0Byly vystaveny obytn\u00e9 domy Newa, Venus a Kaiser Franz (z\u00e1klady sou\u010dasn\u00e9ho hotelu Venus). 1880\u20131890 \u2014\u00a0V\u0161ichni majitel\u00e9 p\u0159izp\u016fsobuj\u00ed interi\u00e9ry sv\u00fdch dom\u016f l\u00e1ze\u0148sk\u00fdm pot\u0159eb\u00e1m","breadcrumb":{"@id":"https:\/\/www.hotelvenus.cz\/cs\/historie\/#breadcrumb"},"inLanguage":"cs","potentialAction":[{"@type":"ReadAction","target":["https:\/\/www.hotelvenus.cz\/cs\/historie\/"]}]},{"@type":"BreadcrumbList","@id":"https:\/\/www.hotelvenus.cz\/cs\/historie\/#breadcrumb","itemListElement":[{"@type":"ListItem","position":1,"name":"Home","item":"https:\/\/www.hotelvenus.cz\/cs\/"},{"@type":"ListItem","position":2,"name":"Historie"}]},{"@type":"WebSite","@id":"https:\/\/www.hotelvenus.cz\/cs\/#website","url":"https:\/\/www.hotelvenus.cz\/cs\/","name":"Hotel Venus","description":"Ecco un altro sito ms.decms.eu","potentialAction":[{"@type":"SearchAction","target":{"@type":"EntryPoint","urlTemplate":"https:\/\/www.hotelvenus.cz\/cs\/?s={search_term_string}"},"query-input":{"@type":"PropertyValueSpecification","valueRequired":true,"valueName":"search_term_string"}}],"inLanguage":"cs"}]}},"acf":[],"_links":{"self":[{"href":"https:\/\/www.hotelvenus.cz\/cs\/wp-json\/wp\/v2\/pages\/502","targetHints":{"allow":["GET"]}}],"collection":[{"href":"https:\/\/www.hotelvenus.cz\/cs\/wp-json\/wp\/v2\/pages"}],"about":[{"href":"https:\/\/www.hotelvenus.cz\/cs\/wp-json\/wp\/v2\/types\/page"}],"author":[{"embeddable":true,"href":"https:\/\/www.hotelvenus.cz\/cs\/wp-json\/wp\/v2\/users\/13"}],"replies":[{"embeddable":true,"href":"https:\/\/www.hotelvenus.cz\/cs\/wp-json\/wp\/v2\/comments?post=502"}],"version-history":[{"count":0,"href":"https:\/\/www.hotelvenus.cz\/cs\/wp-json\/wp\/v2\/pages\/502\/revisions"}],"wp:attachment":[{"href":"https:\/\/www.hotelvenus.cz\/cs\/wp-json\/wp\/v2\/media?parent=502"}],"curies":[{"name":"wp","href":"https:\/\/api.w.org\/{rel}","templated":true}]}}