{"id":474,"date":"2022-04-21T11:59:40","date_gmt":"2022-04-21T09:59:40","guid":{"rendered":"https:\/\/hotelvenus.ms.decms.eu\/?page_id=474"},"modified":"2022-04-21T12:00:18","modified_gmt":"2022-04-21T10:00:18","slug":"hotel-venus","status":"publish","type":"page","link":"https:\/\/www.hotelvenus.cz\/de\/","title":{"rendered":"Hotel Venus"},"content":{"rendered":"<p>Das Hotel Venus befindet sich direkt im Herzen des Kurviertels, nur ein paar Schritte von der M\u00fchlbrunn- und Parkkolonnade entfernt. Die Gegenwart wird hier mit mehr als hundertj\u00e4hriger Historie verbunden. Die Tradition wird erfolgreich mit dem neuem Styl zusammengef\u00fcgt.<\/p>\n<p>Willkommen im Hotel, in dem individuelle Einstellung zu jedem Gast und angenehme famili\u00e4re Atmosph\u00e4re herrschen.<\/p>\n","protected":false},"excerpt":{"rendered":"<p>Das Hotel Venus befindet sich direkt im Herzen des Kurviertels, nur ein paar Schritte von der M\u00fchlbrunn- und Parkkolonnade entfernt. Die Gegenwart wird hier mit mehr als hundertj\u00e4hriger Historie verbunden. Die Tradition wird erfolgreich mit dem neuem Styl zusammengef\u00fcgt. Willkommen im Hotel, in dem individuelle Einstellung zu jedem Gast und angenehme famili\u00e4re Atmosph\u00e4re herrschen.<\/p>\n","protected":false},"author":13,"featured_media":0,"parent":0,"menu_order":0,"comment_status":"closed","ping_status":"closed","template":"","meta":{"footnotes":""},"class_list":["post-474","page","type-page","status-publish","hentry"],"yoast_head":"<!-- This site is optimized with the Yoast SEO plugin v26.9 - https:\/\/yoast.com\/product\/yoast-seo-wordpress\/ -->\n<title>Hotel Venus &#183; Hotel Venus &#183;<\/title>\n<meta name=\"description\" content=\"Das Hotel Venus befindet sich direkt im Herzen des Kurviertels, nur ein paar Schritte von der M\u00fchlbrunn- und Parkkolonnade entfernt. Die Gegenwart wird hier mit mehr als hundertj\u00e4hriger Historie verbunden\" \/>\n<meta name=\"robots\" content=\"index, follow, max-snippet:-1, max-image-preview:large, max-video-preview:-1\" \/>\n<link rel=\"canonical\" href=\"https:\/\/www.hotelvenus.cz\/de\/\" \/>\n<meta property=\"og:locale\" content=\"de_DE\" \/>\n<meta property=\"og:type\" content=\"article\" \/>\n<meta property=\"og:title\" content=\"Hotel Venus &#183; Hotel Venus &#183;\" \/>\n<meta property=\"og:description\" content=\"Das Hotel Venus befindet sich direkt im Herzen des Kurviertels, nur ein paar Schritte von der M\u00fchlbrunn- und Parkkolonnade entfernt. Die Gegenwart wird hier mit mehr als hundertj\u00e4hriger Historie verbunden\" \/>\n<meta property=\"og:url\" content=\"https:\/\/www.hotelvenus.cz\/de\/\" \/>\n<meta property=\"og:site_name\" content=\"Hotel Venus\" \/>\n<meta property=\"article:modified_time\" content=\"2022-04-21T10:00:18+00:00\" \/>\n<meta name=\"twitter:card\" content=\"summary_large_image\" \/>\n<script type=\"application\/ld+json\" class=\"yoast-schema-graph\">{\"@context\":\"https:\/\/schema.org\",\"@graph\":[{\"@type\":\"WebPage\",\"@id\":\"https:\/\/www.hotelvenus.cz\/de\/\",\"url\":\"https:\/\/www.hotelvenus.cz\/de\/\",\"name\":\"Hotel Venus &#183; Hotel Venus &#183;\",\"isPartOf\":{\"@id\":\"https:\/\/www.hotelvenus.cz\/de\/#website\"},\"datePublished\":\"2022-04-21T09:59:40+00:00\",\"dateModified\":\"2022-04-21T10:00:18+00:00\",\"description\":\"Das Hotel Venus befindet sich direkt im Herzen des Kurviertels, nur ein paar Schritte von der M\u00fchlbrunn- und Parkkolonnade entfernt. Die Gegenwart wird hier mit mehr als hundertj\u00e4hriger Historie verbunden\",\"breadcrumb\":{\"@id\":\"https:\/\/www.hotelvenus.cz\/de\/#breadcrumb\"},\"inLanguage\":\"de-DE\",\"potentialAction\":[{\"@type\":\"ReadAction\",\"target\":[\"https:\/\/www.hotelvenus.cz\/de\/\"]}]},{\"@type\":\"BreadcrumbList\",\"@id\":\"https:\/\/www.hotelvenus.cz\/de\/#breadcrumb\",\"itemListElement\":[{\"@type\":\"ListItem\",\"position\":1,\"name\":\"Home\",\"item\":\"https:\/\/www.hotelvenus.cz\/de\/\"},{\"@type\":\"ListItem\",\"position\":2,\"name\":\"Hotel Venus\"}]},{\"@type\":\"WebSite\",\"@id\":\"https:\/\/www.hotelvenus.cz\/de\/#website\",\"url\":\"https:\/\/www.hotelvenus.cz\/de\/\",\"name\":\"Hotel Venus\",\"description\":\"Ecco un altro sito ms.decms.eu\",\"potentialAction\":[{\"@type\":\"SearchAction\",\"target\":{\"@type\":\"EntryPoint\",\"urlTemplate\":\"https:\/\/www.hotelvenus.cz\/de\/?s={search_term_string}\"},\"query-input\":{\"@type\":\"PropertyValueSpecification\",\"valueRequired\":true,\"valueName\":\"search_term_string\"}}],\"inLanguage\":\"de-DE\"}]}<\/script>\n<!-- \/ Yoast SEO plugin. -->","yoast_head_json":{"title":"Hotel Venus &#183; Hotel Venus &#183;","description":"Das Hotel Venus befindet sich direkt im Herzen des Kurviertels, nur ein paar Schritte von der M\u00fchlbrunn- und Parkkolonnade entfernt. Die Gegenwart wird hier mit mehr als hundertj\u00e4hriger Historie verbunden","robots":{"index":"index","follow":"follow","max-snippet":"max-snippet:-1","max-image-preview":"max-image-preview:large","max-video-preview":"max-video-preview:-1"},"canonical":"https:\/\/www.hotelvenus.cz\/de\/","og_locale":"de_DE","og_type":"article","og_title":"Hotel Venus &#183; Hotel Venus &#183;","og_description":"Das Hotel Venus befindet sich direkt im Herzen des Kurviertels, nur ein paar Schritte von der M\u00fchlbrunn- und Parkkolonnade entfernt. Die Gegenwart wird hier mit mehr als hundertj\u00e4hriger Historie verbunden","og_url":"https:\/\/www.hotelvenus.cz\/de\/","og_site_name":"Hotel Venus","article_modified_time":"2022-04-21T10:00:18+00:00","twitter_card":"summary_large_image","schema":{"@context":"https:\/\/schema.org","@graph":[{"@type":"WebPage","@id":"https:\/\/www.hotelvenus.cz\/de\/","url":"https:\/\/www.hotelvenus.cz\/de\/","name":"Hotel Venus &#183; Hotel Venus &#183;","isPartOf":{"@id":"https:\/\/www.hotelvenus.cz\/de\/#website"},"datePublished":"2022-04-21T09:59:40+00:00","dateModified":"2022-04-21T10:00:18+00:00","description":"Das Hotel Venus befindet sich direkt im Herzen des Kurviertels, nur ein paar Schritte von der M\u00fchlbrunn- und Parkkolonnade entfernt. Die Gegenwart wird hier mit mehr als hundertj\u00e4hriger Historie verbunden","breadcrumb":{"@id":"https:\/\/www.hotelvenus.cz\/de\/#breadcrumb"},"inLanguage":"de-DE","potentialAction":[{"@type":"ReadAction","target":["https:\/\/www.hotelvenus.cz\/de\/"]}]},{"@type":"BreadcrumbList","@id":"https:\/\/www.hotelvenus.cz\/de\/#breadcrumb","itemListElement":[{"@type":"ListItem","position":1,"name":"Home","item":"https:\/\/www.hotelvenus.cz\/de\/"},{"@type":"ListItem","position":2,"name":"Hotel Venus"}]},{"@type":"WebSite","@id":"https:\/\/www.hotelvenus.cz\/de\/#website","url":"https:\/\/www.hotelvenus.cz\/de\/","name":"Hotel Venus","description":"Ecco un altro sito ms.decms.eu","potentialAction":[{"@type":"SearchAction","target":{"@type":"EntryPoint","urlTemplate":"https:\/\/www.hotelvenus.cz\/de\/?s={search_term_string}"},"query-input":{"@type":"PropertyValueSpecification","valueRequired":true,"valueName":"search_term_string"}}],"inLanguage":"de-DE"}]}},"acf":[],"_links":{"self":[{"href":"https:\/\/www.hotelvenus.cz\/de\/wp-json\/wp\/v2\/pages\/474","targetHints":{"allow":["GET"]}}],"collection":[{"href":"https:\/\/www.hotelvenus.cz\/de\/wp-json\/wp\/v2\/pages"}],"about":[{"href":"https:\/\/www.hotelvenus.cz\/de\/wp-json\/wp\/v2\/types\/page"}],"author":[{"embeddable":true,"href":"https:\/\/www.hotelvenus.cz\/de\/wp-json\/wp\/v2\/users\/13"}],"replies":[{"embeddable":true,"href":"https:\/\/www.hotelvenus.cz\/de\/wp-json\/wp\/v2\/comments?post=474"}],"version-history":[{"count":0,"href":"https:\/\/www.hotelvenus.cz\/de\/wp-json\/wp\/v2\/pages\/474\/revisions"}],"wp:attachment":[{"href":"https:\/\/www.hotelvenus.cz\/de\/wp-json\/wp\/v2\/media?parent=474"}],"curies":[{"name":"wp","href":"https:\/\/api.w.org\/{rel}","templated":true}]}}