{"id":486,"date":"2022-04-21T15:26:29","date_gmt":"2022-04-21T13:26:29","guid":{"rendered":"https:\/\/hotelvenus.ms.decms.eu\/?page_id=486"},"modified":"2025-12-31T13:11:11","modified_gmt":"2025-12-31T12:11:11","slug":"restaurant","status":"publish","type":"page","link":"https:\/\/www.hotelvenus.cz\/de\/restaurant\/","title":{"rendered":"Restaurant"},"content":{"rendered":"<p>Ich freue mich, Ihnen unsere umfangreiche Auswahl an den besten Gerichten zu pr\u00e4sentieren, die unsere K\u00f6che und Kellner f\u00fcr Sie zubereitet haben.<\/p>\n<p>Das gem\u00fctliche Interieur des Restaurants l\u00e4dt Sie mit dem Duft von Morgenkaffee und einem reichhaltigen Fr\u00fchst\u00fcck zu einem gelungenen Start in den Tag ein. Das Fr\u00fchst\u00fcck wird in Buffetform zubereitet, so dass jeder Gast die M\u00f6glichkeit hat, nach seinen W\u00fcnschen zu w\u00e4hlen.<\/p>\n<p>Auch zum Mittag- und Abendessen k\u00f6nnen unsere G\u00e4ste aus einer verlockenden Auswahl an Gerichten w\u00e4hlen, die in Buffetform angeboten werden.<\/p>\n<p>Jede Di\u00e4t wird immer auf den Gesundheitszustand des Gastes und auf Empfehlung des Hotelarztes abgestimmt.<\/p>\n<p>F\u00fcr unsere kleinen G\u00e4ste haben wir auch einen Hochstuhl und Tischsets vorbereitet, damit sie das Mittag- und Abendessen richtig genie\u00dfen k\u00f6nnen.<\/p>\n<p>Am Nachmittag m\u00f6chte ich Sie in die Lobby Bar zu Kaffee und Pfferkuchen einladen. Vielleicht probieren Sie auch dee dreizehnte Quelle &#8211; karlsbader Becherovka oder m\u00e4hrischen Wein voller Sonne. Die Lobby Bar ist der richtige Ort f\u00fcr ein angenehmes Treffen mit Freunden zu jeder Tageszeit.<\/p>\n<p>Ich glaube, dass unser Angebot Sie ansprechen wird und Sie unser Hotel Venus besuchen werden.<\/p>\n<p><strong>Martin Barto\u0161<\/strong><br \/>\n<em>Chefkoch des Hotels Venus<\/em><\/p>\n","protected":false},"excerpt":{"rendered":"<p>Ich freue mich, Ihnen unsere umfangreiche Auswahl an den besten Gerichten zu pr\u00e4sentieren, die unsere K\u00f6che und Kellner f\u00fcr Sie zubereitet haben. Das gem\u00fctliche Interieur des Restaurants l\u00e4dt Sie mit dem Duft von Morgenkaffee und einem reichhaltigen Fr\u00fchst\u00fcck zu einem gelungenen Start in den Tag ein. Das Fr\u00fchst\u00fcck wird in Buffetform zubereitet, so dass jeder [&hellip;]<\/p>\n","protected":false},"author":13,"featured_media":0,"parent":0,"menu_order":30,"comment_status":"closed","ping_status":"closed","template":"template-single-restaurant.php","meta":{"footnotes":""},"class_list":["post-486","page","type-page","status-publish","hentry"],"yoast_head":"<!-- This site is optimized with the Yoast SEO plugin v26.9 - https:\/\/yoast.com\/product\/yoast-seo-wordpress\/ -->\n<title>Restaurant &#183; Hotel Venus &#183;<\/title>\n<meta name=\"description\" content=\"Ich freue mich, Ihnen unsere umfangreiche Auswahl an den besten Gerichten zu pr\u00e4sentieren, die unsere K\u00f6che und Kellner f\u00fcr Sie zubereitet haben.  Das gem\u00fctliche Interieur des Restaurants l\u00e4dt Sie mit dem Duft von Morgenkaffee und einem reichhaltigen Fr\u00fchst\u00fcck zu einem gelungenen Start in den Tag ein. Das Fr\u00fchst\u00fcck wird in Buffetform zubereitet, so dass jeder Gast die M\u00f6glichkeit hat, nach seinen W\u00fcnschen zu w\u00e4hlen.  Auch zum Mittag- und Abendessen k\u00f6nnen unsere G\u00e4ste aus einer verlockenden Auswahl an Gerichten w\u00e4hlen, die in Buffetform angeboten werden.  Jede Di\u00e4t wird immer auf den Gesundheitszustand des Gastes und auf Empfehlung des Hotelarztes abgestimmt.  F\u00fcr unsere kleinen G\u00e4ste haben wir auch einen Hochstuhl und Tischsets vorbereitet, damit sie das Mittag- und Abendessen richtig genie\u00dfen k\u00f6nnen.  Am Nachmittag m\u00f6chte ich Sie in die Lobby Bar zu Kaffee und Pfferkuchen einladen\" \/>\n<meta name=\"robots\" content=\"index, follow, max-snippet:-1, max-image-preview:large, max-video-preview:-1\" \/>\n<link rel=\"canonical\" href=\"https:\/\/www.hotelvenus.cz\/de\/restaurant\/\" \/>\n<meta property=\"og:locale\" content=\"de_DE\" \/>\n<meta property=\"og:type\" content=\"article\" \/>\n<meta property=\"og:title\" content=\"Restaurant &#183; Hotel Venus &#183;\" \/>\n<meta property=\"og:description\" content=\"Ich freue mich, Ihnen unsere umfangreiche Auswahl an den besten Gerichten zu pr\u00e4sentieren, die unsere K\u00f6che und Kellner f\u00fcr Sie zubereitet haben.  Das gem\u00fctliche Interieur des Restaurants l\u00e4dt Sie mit dem Duft von Morgenkaffee und einem reichhaltigen Fr\u00fchst\u00fcck zu einem gelungenen Start in den Tag ein. Das Fr\u00fchst\u00fcck wird in Buffetform zubereitet, so dass jeder Gast die M\u00f6glichkeit hat, nach seinen W\u00fcnschen zu w\u00e4hlen.  Auch zum Mittag- und Abendessen k\u00f6nnen unsere G\u00e4ste aus einer verlockenden Auswahl an Gerichten w\u00e4hlen, die in Buffetform angeboten werden.  Jede Di\u00e4t wird immer auf den Gesundheitszustand des Gastes und auf Empfehlung des Hotelarztes abgestimmt.  F\u00fcr unsere kleinen G\u00e4ste haben wir auch einen Hochstuhl und Tischsets vorbereitet, damit sie das Mittag- und Abendessen richtig genie\u00dfen k\u00f6nnen.  Am Nachmittag m\u00f6chte ich Sie in die Lobby Bar zu Kaffee und Pfferkuchen einladen\" \/>\n<meta property=\"og:url\" content=\"https:\/\/www.hotelvenus.cz\/de\/restaurant\/\" \/>\n<meta property=\"og:site_name\" content=\"Hotel Venus\" \/>\n<meta property=\"article:modified_time\" content=\"2025-12-31T12:11:11+00:00\" \/>\n<meta name=\"twitter:card\" content=\"summary_large_image\" \/>\n<meta name=\"twitter:label1\" content=\"Gesch\u00e4tzte Lesezeit\" \/>\n\t<meta name=\"twitter:data1\" content=\"1 Minute\" \/>\n<script type=\"application\/ld+json\" class=\"yoast-schema-graph\">{\"@context\":\"https:\/\/schema.org\",\"@graph\":[{\"@type\":\"WebPage\",\"@id\":\"https:\/\/www.hotelvenus.cz\/de\/restaurant\/\",\"url\":\"https:\/\/www.hotelvenus.cz\/de\/restaurant\/\",\"name\":\"Restaurant &#183; Hotel Venus &#183;\",\"isPartOf\":{\"@id\":\"https:\/\/www.hotelvenus.cz\/de\/#website\"},\"datePublished\":\"2022-04-21T13:26:29+00:00\",\"dateModified\":\"2025-12-31T12:11:11+00:00\",\"description\":\"Ich freue mich, Ihnen unsere umfangreiche Auswahl an den besten Gerichten zu pr\u00e4sentieren, die unsere K\u00f6che und Kellner f\u00fcr Sie zubereitet haben. Das gem\u00fctliche Interieur des Restaurants l\u00e4dt Sie mit dem Duft von Morgenkaffee und einem reichhaltigen Fr\u00fchst\u00fcck zu einem gelungenen Start in den Tag ein. Das Fr\u00fchst\u00fcck wird in Buffetform zubereitet, so dass jeder Gast die M\u00f6glichkeit hat, nach seinen W\u00fcnschen zu w\u00e4hlen. Auch zum Mittag- und Abendessen k\u00f6nnen unsere G\u00e4ste aus einer verlockenden Auswahl an Gerichten w\u00e4hlen, die in Buffetform angeboten werden. Jede Di\u00e4t wird immer auf den Gesundheitszustand des Gastes und auf Empfehlung des Hotelarztes abgestimmt. F\u00fcr unsere kleinen G\u00e4ste haben wir auch einen Hochstuhl und Tischsets vorbereitet, damit sie das Mittag- und Abendessen richtig genie\u00dfen k\u00f6nnen. Am Nachmittag m\u00f6chte ich Sie in die Lobby Bar zu Kaffee und Pfferkuchen einladen\",\"breadcrumb\":{\"@id\":\"https:\/\/www.hotelvenus.cz\/de\/restaurant\/#breadcrumb\"},\"inLanguage\":\"de-DE\",\"potentialAction\":[{\"@type\":\"ReadAction\",\"target\":[\"https:\/\/www.hotelvenus.cz\/de\/restaurant\/\"]}]},{\"@type\":\"BreadcrumbList\",\"@id\":\"https:\/\/www.hotelvenus.cz\/de\/restaurant\/#breadcrumb\",\"itemListElement\":[{\"@type\":\"ListItem\",\"position\":1,\"name\":\"Home\",\"item\":\"https:\/\/www.hotelvenus.cz\/de\/\"},{\"@type\":\"ListItem\",\"position\":2,\"name\":\"Restaurant\"}]},{\"@type\":\"WebSite\",\"@id\":\"https:\/\/www.hotelvenus.cz\/de\/#website\",\"url\":\"https:\/\/www.hotelvenus.cz\/de\/\",\"name\":\"Hotel Venus\",\"description\":\"Ecco un altro sito ms.decms.eu\",\"potentialAction\":[{\"@type\":\"SearchAction\",\"target\":{\"@type\":\"EntryPoint\",\"urlTemplate\":\"https:\/\/www.hotelvenus.cz\/de\/?s={search_term_string}\"},\"query-input\":{\"@type\":\"PropertyValueSpecification\",\"valueRequired\":true,\"valueName\":\"search_term_string\"}}],\"inLanguage\":\"de-DE\"}]}<\/script>\n<!-- \/ Yoast SEO plugin. -->","yoast_head_json":{"title":"Restaurant &#183; Hotel Venus &#183;","description":"Ich freue mich, Ihnen unsere umfangreiche Auswahl an den besten Gerichten zu pr\u00e4sentieren, die unsere K\u00f6che und Kellner f\u00fcr Sie zubereitet haben.  Das gem\u00fctliche Interieur des Restaurants l\u00e4dt Sie mit dem Duft von Morgenkaffee und einem reichhaltigen Fr\u00fchst\u00fcck zu einem gelungenen Start in den Tag ein. Das Fr\u00fchst\u00fcck wird in Buffetform zubereitet, so dass jeder Gast die M\u00f6glichkeit hat, nach seinen W\u00fcnschen zu w\u00e4hlen.  Auch zum Mittag- und Abendessen k\u00f6nnen unsere G\u00e4ste aus einer verlockenden Auswahl an Gerichten w\u00e4hlen, die in Buffetform angeboten werden.  Jede Di\u00e4t wird immer auf den Gesundheitszustand des Gastes und auf Empfehlung des Hotelarztes abgestimmt.  F\u00fcr unsere kleinen G\u00e4ste haben wir auch einen Hochstuhl und Tischsets vorbereitet, damit sie das Mittag- und Abendessen richtig genie\u00dfen k\u00f6nnen.  Am Nachmittag m\u00f6chte ich Sie in die Lobby Bar zu Kaffee und Pfferkuchen einladen","robots":{"index":"index","follow":"follow","max-snippet":"max-snippet:-1","max-image-preview":"max-image-preview:large","max-video-preview":"max-video-preview:-1"},"canonical":"https:\/\/www.hotelvenus.cz\/de\/restaurant\/","og_locale":"de_DE","og_type":"article","og_title":"Restaurant &#183; Hotel Venus &#183;","og_description":"Ich freue mich, Ihnen unsere umfangreiche Auswahl an den besten Gerichten zu pr\u00e4sentieren, die unsere K\u00f6che und Kellner f\u00fcr Sie zubereitet haben.  Das gem\u00fctliche Interieur des Restaurants l\u00e4dt Sie mit dem Duft von Morgenkaffee und einem reichhaltigen Fr\u00fchst\u00fcck zu einem gelungenen Start in den Tag ein. Das Fr\u00fchst\u00fcck wird in Buffetform zubereitet, so dass jeder Gast die M\u00f6glichkeit hat, nach seinen W\u00fcnschen zu w\u00e4hlen.  Auch zum Mittag- und Abendessen k\u00f6nnen unsere G\u00e4ste aus einer verlockenden Auswahl an Gerichten w\u00e4hlen, die in Buffetform angeboten werden.  Jede Di\u00e4t wird immer auf den Gesundheitszustand des Gastes und auf Empfehlung des Hotelarztes abgestimmt.  F\u00fcr unsere kleinen G\u00e4ste haben wir auch einen Hochstuhl und Tischsets vorbereitet, damit sie das Mittag- und Abendessen richtig genie\u00dfen k\u00f6nnen.  Am Nachmittag m\u00f6chte ich Sie in die Lobby Bar zu Kaffee und Pfferkuchen einladen","og_url":"https:\/\/www.hotelvenus.cz\/de\/restaurant\/","og_site_name":"Hotel Venus","article_modified_time":"2025-12-31T12:11:11+00:00","twitter_card":"summary_large_image","twitter_misc":{"Gesch\u00e4tzte Lesezeit":"1 Minute"},"schema":{"@context":"https:\/\/schema.org","@graph":[{"@type":"WebPage","@id":"https:\/\/www.hotelvenus.cz\/de\/restaurant\/","url":"https:\/\/www.hotelvenus.cz\/de\/restaurant\/","name":"Restaurant &#183; Hotel Venus &#183;","isPartOf":{"@id":"https:\/\/www.hotelvenus.cz\/de\/#website"},"datePublished":"2022-04-21T13:26:29+00:00","dateModified":"2025-12-31T12:11:11+00:00","description":"Ich freue mich, Ihnen unsere umfangreiche Auswahl an den besten Gerichten zu pr\u00e4sentieren, die unsere K\u00f6che und Kellner f\u00fcr Sie zubereitet haben. Das gem\u00fctliche Interieur des Restaurants l\u00e4dt Sie mit dem Duft von Morgenkaffee und einem reichhaltigen Fr\u00fchst\u00fcck zu einem gelungenen Start in den Tag ein. Das Fr\u00fchst\u00fcck wird in Buffetform zubereitet, so dass jeder Gast die M\u00f6glichkeit hat, nach seinen W\u00fcnschen zu w\u00e4hlen. Auch zum Mittag- und Abendessen k\u00f6nnen unsere G\u00e4ste aus einer verlockenden Auswahl an Gerichten w\u00e4hlen, die in Buffetform angeboten werden. Jede Di\u00e4t wird immer auf den Gesundheitszustand des Gastes und auf Empfehlung des Hotelarztes abgestimmt. F\u00fcr unsere kleinen G\u00e4ste haben wir auch einen Hochstuhl und Tischsets vorbereitet, damit sie das Mittag- und Abendessen richtig genie\u00dfen k\u00f6nnen. Am Nachmittag m\u00f6chte ich Sie in die Lobby Bar zu Kaffee und Pfferkuchen einladen","breadcrumb":{"@id":"https:\/\/www.hotelvenus.cz\/de\/restaurant\/#breadcrumb"},"inLanguage":"de-DE","potentialAction":[{"@type":"ReadAction","target":["https:\/\/www.hotelvenus.cz\/de\/restaurant\/"]}]},{"@type":"BreadcrumbList","@id":"https:\/\/www.hotelvenus.cz\/de\/restaurant\/#breadcrumb","itemListElement":[{"@type":"ListItem","position":1,"name":"Home","item":"https:\/\/www.hotelvenus.cz\/de\/"},{"@type":"ListItem","position":2,"name":"Restaurant"}]},{"@type":"WebSite","@id":"https:\/\/www.hotelvenus.cz\/de\/#website","url":"https:\/\/www.hotelvenus.cz\/de\/","name":"Hotel Venus","description":"Ecco un altro sito ms.decms.eu","potentialAction":[{"@type":"SearchAction","target":{"@type":"EntryPoint","urlTemplate":"https:\/\/www.hotelvenus.cz\/de\/?s={search_term_string}"},"query-input":{"@type":"PropertyValueSpecification","valueRequired":true,"valueName":"search_term_string"}}],"inLanguage":"de-DE"}]}},"acf":[],"_links":{"self":[{"href":"https:\/\/www.hotelvenus.cz\/de\/wp-json\/wp\/v2\/pages\/486","targetHints":{"allow":["GET"]}}],"collection":[{"href":"https:\/\/www.hotelvenus.cz\/de\/wp-json\/wp\/v2\/pages"}],"about":[{"href":"https:\/\/www.hotelvenus.cz\/de\/wp-json\/wp\/v2\/types\/page"}],"author":[{"embeddable":true,"href":"https:\/\/www.hotelvenus.cz\/de\/wp-json\/wp\/v2\/users\/13"}],"replies":[{"embeddable":true,"href":"https:\/\/www.hotelvenus.cz\/de\/wp-json\/wp\/v2\/comments?post=486"}],"version-history":[{"count":0,"href":"https:\/\/www.hotelvenus.cz\/de\/wp-json\/wp\/v2\/pages\/486\/revisions"}],"wp:attachment":[{"href":"https:\/\/www.hotelvenus.cz\/de\/wp-json\/wp\/v2\/media?parent=486"}],"curies":[{"name":"wp","href":"https:\/\/api.w.org\/{rel}","templated":true}]}}