{"id":490,"date":"2022-04-21T15:49:36","date_gmt":"2022-04-21T13:49:36","guid":{"rendered":"https:\/\/hotelvenus.ms.decms.eu\/?page_id=490"},"modified":"2025-12-31T09:53:03","modified_gmt":"2025-12-31T08:53:03","slug":"therapieangebot","status":"publish","type":"page","link":"https:\/\/www.hotelvenus.cz\/de\/therapieangebot\/","title":{"rendered":"Therapieangebot"},"content":{"rendered":"<p>Sehr geehrte Damen und Herren,<\/p>\n<p>herzlich willkommen im <strong>Hotel Venus**** in Karlovy Vary<\/strong>.<\/p>\n<p>Das Kurwesen in Karslbad blickt auf mehr als 600 Jahre lange Tradition zur\u00fcck. Neben den klassischen karlsbader Indikationen wie gastroenterologische Erkrankungen und Stoffwechselst\u00f6rungen (Diabetes Mellitus) zielt das <strong>Hotel Venus<\/strong> vor allem auf die Behandlung des \u00dcbergewichts und Erkrankungen des Bewegungsapparates, besonders auf Erkrankungen der Wirbels\u00e4ule und R\u00fcckenschmerzen an.<\/p>\n<p>Die Kuranwendungen w\u00e4ren f\u00fcr sich allein nichts, wenn nicht ein Team von erfahrenen und entsprechend geschulten \u00c4rzten und Mitarbeitern in unserem <strong>Hotel Venus<\/strong> arbeiten w\u00fcrde.<\/p>\n<p>Dem Fachgarant f\u00fcr Balneobetrieb ist MUDr. Nad\u011b\u017eda Pile\u010dkov\u00e1, die zehnj\u00e4hrige Praxis im karlsbader Kurbetrieb hat. Ihr Attest: Neurologie, Physiatrie, Balneologie und Heilrehabilitation.<\/p>\n<p>Au\u00dferdem sorgt f\u00fcr unsere Patienten ein Team von qualifizierten Masseure, Physiotherapeuten, Krankenschwestern und Badefrauen.<\/p>\n<p>Unser Tharapieplan wird genau auf Ihre Bed\u00fcrfnisse und unter Ber\u00fccksichtigung auf Ihren Gesundheitszustand zugeschnitten. Es besteht aus Haupt- und Nebenbehandlungen, die in Kombination den erwarteten therapeutischen Effekt bringen.<\/p>\n<p>Den Grundstein der karlsbader Kur bilden die hei\u00dfen Mineralquellen. Sie werden zur Trinkkur, f\u00fcr B\u00e4der und Sp\u00fclungen verwendet. Die Trinkkur wird Ihnen bei der kur\u00e4rztlichen Erstuntersuchung verschrieben. Ein Bestandteil der Kurbehandlung ist auch die richtige Ern\u00e4hrung. Den Patienten wird eine breite Palette an Di\u00e4tspeisen angeboten. Der Kurarzt erarbeitet gemeinsam mit Ihnen Ihr pers\u00f6hnliches Di\u00e4tprogramm und stellt notwendige Unterlagen zur Verf\u00fcgung.<\/p>\n<p>Unserem Ziel ist ein zufriedener und ges\u00fcnderer Patient.<\/p>\n<p>Wir w\u00fcnschen Ihnen viel Gesundheit.<\/p>\n<p align=\"right\"><strong>Prim. MUDr. Nad\u011b\u017eda Pile\u010dkov\u00e1\u00a0 <\/strong><\/p>\n","protected":false},"excerpt":{"rendered":"<p>Sehr geehrte Damen und Herren, herzlich willkommen im Hotel Venus**** in Karlovy Vary. Das Kurwesen in Karslbad blickt auf mehr als 600 Jahre lange Tradition zur\u00fcck. Neben den klassischen karlsbader Indikationen wie gastroenterologische Erkrankungen und Stoffwechselst\u00f6rungen (Diabetes Mellitus) zielt das Hotel Venus vor allem auf die Behandlung des \u00dcbergewichts und Erkrankungen des Bewegungsapparates, besonders auf [&hellip;]<\/p>\n","protected":false},"author":13,"featured_media":0,"parent":0,"menu_order":40,"comment_status":"closed","ping_status":"closed","template":"template-default-2.php","meta":{"footnotes":""},"class_list":["post-490","page","type-page","status-publish","hentry"],"yoast_head":"<!-- This site is optimized with the Yoast SEO plugin v26.9 - https:\/\/yoast.com\/product\/yoast-seo-wordpress\/ -->\n<title>Therapieangebot &#183; Hotel Venus &#183;<\/title>\n<meta name=\"description\" content=\"Sehr geehrte Damen und Herren,  herzlich willkommen im Hotel Venus**** in Karlovy Vary.  Das Kurwesen in Karslbad blickt auf mehr als 600 Jahre lange Tradition zur\u00fcck. Neben den klassischen karlsbader Indikationen wie gastroenterologische Erkrankungen und Stoffwechselst\u00f6rungen (Diabetes Mellitus) zielt das Hotel Venus vor allem auf die Behandlung des \u00dcbergewichts und Erkrankungen des Bewegungsapparates, besonders auf Erkrankungen der Wirbels\u00e4ule und R\u00fcckenschmerzen an.  Die Kuranwendungen w\u00e4ren f\u00fcr sich allein nichts, wenn nicht ein Team von erfahrenen und entsprechend geschulten \u00c4rzten und Mitarbeitern in unserem Hotel Venus arbeiten w\u00fcrde.  Dem Fachgarant f\u00fcr Balneobetrieb ist MUDr\" \/>\n<meta name=\"robots\" content=\"index, follow, max-snippet:-1, max-image-preview:large, max-video-preview:-1\" \/>\n<link rel=\"canonical\" href=\"https:\/\/www.hotelvenus.cz\/de\/therapieangebot\/\" \/>\n<meta property=\"og:locale\" content=\"de_DE\" \/>\n<meta property=\"og:type\" content=\"article\" \/>\n<meta property=\"og:title\" content=\"Therapieangebot &#183; Hotel Venus &#183;\" \/>\n<meta property=\"og:description\" content=\"Sehr geehrte Damen und Herren,  herzlich willkommen im Hotel Venus**** in Karlovy Vary.  Das Kurwesen in Karslbad blickt auf mehr als 600 Jahre lange Tradition zur\u00fcck. Neben den klassischen karlsbader Indikationen wie gastroenterologische Erkrankungen und Stoffwechselst\u00f6rungen (Diabetes Mellitus) zielt das Hotel Venus vor allem auf die Behandlung des \u00dcbergewichts und Erkrankungen des Bewegungsapparates, besonders auf Erkrankungen der Wirbels\u00e4ule und R\u00fcckenschmerzen an.  Die Kuranwendungen w\u00e4ren f\u00fcr sich allein nichts, wenn nicht ein Team von erfahrenen und entsprechend geschulten \u00c4rzten und Mitarbeitern in unserem Hotel Venus arbeiten w\u00fcrde.  Dem Fachgarant f\u00fcr Balneobetrieb ist MUDr\" \/>\n<meta property=\"og:url\" content=\"https:\/\/www.hotelvenus.cz\/de\/therapieangebot\/\" \/>\n<meta property=\"og:site_name\" content=\"Hotel Venus\" \/>\n<meta property=\"article:modified_time\" content=\"2025-12-31T08:53:03+00:00\" \/>\n<meta name=\"twitter:card\" content=\"summary_large_image\" \/>\n<meta name=\"twitter:label1\" content=\"Gesch\u00e4tzte Lesezeit\" \/>\n\t<meta name=\"twitter:data1\" content=\"1 Minute\" \/>\n<script type=\"application\/ld+json\" class=\"yoast-schema-graph\">{\"@context\":\"https:\/\/schema.org\",\"@graph\":[{\"@type\":\"WebPage\",\"@id\":\"https:\/\/www.hotelvenus.cz\/de\/therapieangebot\/\",\"url\":\"https:\/\/www.hotelvenus.cz\/de\/therapieangebot\/\",\"name\":\"Therapieangebot &#183; Hotel Venus &#183;\",\"isPartOf\":{\"@id\":\"https:\/\/www.hotelvenus.cz\/de\/#website\"},\"datePublished\":\"2022-04-21T13:49:36+00:00\",\"dateModified\":\"2025-12-31T08:53:03+00:00\",\"description\":\"Sehr geehrte Damen und Herren, herzlich willkommen im Hotel Venus**** in Karlovy Vary. Das Kurwesen in Karslbad blickt auf mehr als 600 Jahre lange Tradition zur\u00fcck. Neben den klassischen karlsbader Indikationen wie gastroenterologische Erkrankungen und Stoffwechselst\u00f6rungen (Diabetes Mellitus) zielt das Hotel Venus vor allem auf die Behandlung des \u00dcbergewichts und Erkrankungen des Bewegungsapparates, besonders auf Erkrankungen der Wirbels\u00e4ule und R\u00fcckenschmerzen an. Die Kuranwendungen w\u00e4ren f\u00fcr sich allein nichts, wenn nicht ein Team von erfahrenen und entsprechend geschulten \u00c4rzten und Mitarbeitern in unserem Hotel Venus arbeiten w\u00fcrde. Dem Fachgarant f\u00fcr Balneobetrieb ist MUDr\",\"breadcrumb\":{\"@id\":\"https:\/\/www.hotelvenus.cz\/de\/therapieangebot\/#breadcrumb\"},\"inLanguage\":\"de-DE\",\"potentialAction\":[{\"@type\":\"ReadAction\",\"target\":[\"https:\/\/www.hotelvenus.cz\/de\/therapieangebot\/\"]}]},{\"@type\":\"BreadcrumbList\",\"@id\":\"https:\/\/www.hotelvenus.cz\/de\/therapieangebot\/#breadcrumb\",\"itemListElement\":[{\"@type\":\"ListItem\",\"position\":1,\"name\":\"Home\",\"item\":\"https:\/\/www.hotelvenus.cz\/de\/\"},{\"@type\":\"ListItem\",\"position\":2,\"name\":\"Therapieangebot\"}]},{\"@type\":\"WebSite\",\"@id\":\"https:\/\/www.hotelvenus.cz\/de\/#website\",\"url\":\"https:\/\/www.hotelvenus.cz\/de\/\",\"name\":\"Hotel Venus\",\"description\":\"Ecco un altro sito ms.decms.eu\",\"potentialAction\":[{\"@type\":\"SearchAction\",\"target\":{\"@type\":\"EntryPoint\",\"urlTemplate\":\"https:\/\/www.hotelvenus.cz\/de\/?s={search_term_string}\"},\"query-input\":{\"@type\":\"PropertyValueSpecification\",\"valueRequired\":true,\"valueName\":\"search_term_string\"}}],\"inLanguage\":\"de-DE\"}]}<\/script>\n<!-- \/ Yoast SEO plugin. -->","yoast_head_json":{"title":"Therapieangebot &#183; Hotel Venus &#183;","description":"Sehr geehrte Damen und Herren,  herzlich willkommen im Hotel Venus**** in Karlovy Vary.  Das Kurwesen in Karslbad blickt auf mehr als 600 Jahre lange Tradition zur\u00fcck. Neben den klassischen karlsbader Indikationen wie gastroenterologische Erkrankungen und Stoffwechselst\u00f6rungen (Diabetes Mellitus) zielt das Hotel Venus vor allem auf die Behandlung des \u00dcbergewichts und Erkrankungen des Bewegungsapparates, besonders auf Erkrankungen der Wirbels\u00e4ule und R\u00fcckenschmerzen an.  Die Kuranwendungen w\u00e4ren f\u00fcr sich allein nichts, wenn nicht ein Team von erfahrenen und entsprechend geschulten \u00c4rzten und Mitarbeitern in unserem Hotel Venus arbeiten w\u00fcrde.  Dem Fachgarant f\u00fcr Balneobetrieb ist MUDr","robots":{"index":"index","follow":"follow","max-snippet":"max-snippet:-1","max-image-preview":"max-image-preview:large","max-video-preview":"max-video-preview:-1"},"canonical":"https:\/\/www.hotelvenus.cz\/de\/therapieangebot\/","og_locale":"de_DE","og_type":"article","og_title":"Therapieangebot &#183; Hotel Venus &#183;","og_description":"Sehr geehrte Damen und Herren,  herzlich willkommen im Hotel Venus**** in Karlovy Vary.  Das Kurwesen in Karslbad blickt auf mehr als 600 Jahre lange Tradition zur\u00fcck. Neben den klassischen karlsbader Indikationen wie gastroenterologische Erkrankungen und Stoffwechselst\u00f6rungen (Diabetes Mellitus) zielt das Hotel Venus vor allem auf die Behandlung des \u00dcbergewichts und Erkrankungen des Bewegungsapparates, besonders auf Erkrankungen der Wirbels\u00e4ule und R\u00fcckenschmerzen an.  Die Kuranwendungen w\u00e4ren f\u00fcr sich allein nichts, wenn nicht ein Team von erfahrenen und entsprechend geschulten \u00c4rzten und Mitarbeitern in unserem Hotel Venus arbeiten w\u00fcrde.  Dem Fachgarant f\u00fcr Balneobetrieb ist MUDr","og_url":"https:\/\/www.hotelvenus.cz\/de\/therapieangebot\/","og_site_name":"Hotel Venus","article_modified_time":"2025-12-31T08:53:03+00:00","twitter_card":"summary_large_image","twitter_misc":{"Gesch\u00e4tzte Lesezeit":"1 Minute"},"schema":{"@context":"https:\/\/schema.org","@graph":[{"@type":"WebPage","@id":"https:\/\/www.hotelvenus.cz\/de\/therapieangebot\/","url":"https:\/\/www.hotelvenus.cz\/de\/therapieangebot\/","name":"Therapieangebot &#183; Hotel Venus &#183;","isPartOf":{"@id":"https:\/\/www.hotelvenus.cz\/de\/#website"},"datePublished":"2022-04-21T13:49:36+00:00","dateModified":"2025-12-31T08:53:03+00:00","description":"Sehr geehrte Damen und Herren, herzlich willkommen im Hotel Venus**** in Karlovy Vary. Das Kurwesen in Karslbad blickt auf mehr als 600 Jahre lange Tradition zur\u00fcck. Neben den klassischen karlsbader Indikationen wie gastroenterologische Erkrankungen und Stoffwechselst\u00f6rungen (Diabetes Mellitus) zielt das Hotel Venus vor allem auf die Behandlung des \u00dcbergewichts und Erkrankungen des Bewegungsapparates, besonders auf Erkrankungen der Wirbels\u00e4ule und R\u00fcckenschmerzen an. Die Kuranwendungen w\u00e4ren f\u00fcr sich allein nichts, wenn nicht ein Team von erfahrenen und entsprechend geschulten \u00c4rzten und Mitarbeitern in unserem Hotel Venus arbeiten w\u00fcrde. Dem Fachgarant f\u00fcr Balneobetrieb ist MUDr","breadcrumb":{"@id":"https:\/\/www.hotelvenus.cz\/de\/therapieangebot\/#breadcrumb"},"inLanguage":"de-DE","potentialAction":[{"@type":"ReadAction","target":["https:\/\/www.hotelvenus.cz\/de\/therapieangebot\/"]}]},{"@type":"BreadcrumbList","@id":"https:\/\/www.hotelvenus.cz\/de\/therapieangebot\/#breadcrumb","itemListElement":[{"@type":"ListItem","position":1,"name":"Home","item":"https:\/\/www.hotelvenus.cz\/de\/"},{"@type":"ListItem","position":2,"name":"Therapieangebot"}]},{"@type":"WebSite","@id":"https:\/\/www.hotelvenus.cz\/de\/#website","url":"https:\/\/www.hotelvenus.cz\/de\/","name":"Hotel Venus","description":"Ecco un altro sito ms.decms.eu","potentialAction":[{"@type":"SearchAction","target":{"@type":"EntryPoint","urlTemplate":"https:\/\/www.hotelvenus.cz\/de\/?s={search_term_string}"},"query-input":{"@type":"PropertyValueSpecification","valueRequired":true,"valueName":"search_term_string"}}],"inLanguage":"de-DE"}]}},"acf":[],"_links":{"self":[{"href":"https:\/\/www.hotelvenus.cz\/de\/wp-json\/wp\/v2\/pages\/490","targetHints":{"allow":["GET"]}}],"collection":[{"href":"https:\/\/www.hotelvenus.cz\/de\/wp-json\/wp\/v2\/pages"}],"about":[{"href":"https:\/\/www.hotelvenus.cz\/de\/wp-json\/wp\/v2\/types\/page"}],"author":[{"embeddable":true,"href":"https:\/\/www.hotelvenus.cz\/de\/wp-json\/wp\/v2\/users\/13"}],"replies":[{"embeddable":true,"href":"https:\/\/www.hotelvenus.cz\/de\/wp-json\/wp\/v2\/comments?post=490"}],"version-history":[{"count":0,"href":"https:\/\/www.hotelvenus.cz\/de\/wp-json\/wp\/v2\/pages\/490\/revisions"}],"wp:attachment":[{"href":"https:\/\/www.hotelvenus.cz\/de\/wp-json\/wp\/v2\/media?parent=490"}],"curies":[{"name":"wp","href":"https:\/\/api.w.org\/{rel}","templated":true}]}}