{"id":503,"date":"2022-04-21T16:37:17","date_gmt":"2022-04-21T14:37:17","guid":{"rendered":"https:\/\/hotelvenus.ms.decms.eu\/?page_id=503"},"modified":"2022-04-21T16:37:17","modified_gmt":"2022-04-21T14:37:17","slug":"historie","status":"publish","type":"page","link":"https:\/\/www.hotelvenus.cz\/de\/historie\/","title":{"rendered":"Historie"},"content":{"rendered":"<p>Das gegenw\u00e4rtige Hotel Venus besteht aus drei untereinander verbundenen Geb\u00e4uden, wobei jedes Haus seine eigene Geschichte hat.<\/p>\n<p><strong>1871<\/strong><br \/>\nEs wird entschieden an Stelle des sog. Ochsenlochs die Parkstra\u00dfe zu gr\u00fcnden.<\/p>\n<p><strong>1874\u20131877<\/strong><br \/>\nDie Wohnh\u00e4user <strong>Newa<\/strong>, <strong>Venus<\/strong>, und <strong>Kaiser Franz<\/strong> werden erbaut (Fundamente des gegenw\u00e4rtigen Hotels Venus).<\/p>\n<p><strong>1880\u20131890<\/strong><br \/>\nAlle Hausbesitzer passen die Innenr\u00e4ume den Bed\u00fcrfnissen der Kurg\u00e4ste an. Es werden Badezimmer, Gesellschaftsr\u00e4ume, Aufz\u00fcge und K\u00fcchen ausgebaut. Die Inhaber sind meistens \u00c4rzte. In dieser Zeit sind die Sprechstunden von 7.00\u20139.00 Uhr und von 15.00\u201316.00 Uhr, eventuell von 8.00\u201310.00 und 15.00\u201317.00 Uhr.<\/p>\n<p><strong>1900\u20131915<\/strong><br \/>\nAnbau des 4. und 5. Stockeswerkes wird geschaffen, um h\u00f6here Anzahl der Kur\u2013 Betten zu gewinnen.<\/p>\n<p><strong>1918<\/strong><br \/>\nDas Haus <strong>Kaiser Franz<\/strong> wird auf <strong>\u201eHaus Franz\u201c<\/strong> umbenannt.<\/p>\n<p><strong>Po r. 1945<\/strong><br \/>\nNach dem Jahr 1945 Verstaatlichung. Nur das Haus <strong>Venus<\/strong> diente weiter zu den Kurzwecken. Es hatte 25 Zimmer mit 42 Betten zur Verf\u00fcgung und wurde auf <strong>\u201e\u0160umava\u201c<\/strong> umbenannt. Aus dem Kurhaus <strong>Newa<\/strong> entstand ein Wohnhaus und aus dem Haus Franz B\u00fcror\u00e4ume.<\/p>\n<p><strong>1985<\/strong><br \/>\nDas staatliche <em>Unternehmen Tschechoslowakische Heilb\u00e4der<\/em> \u00fcbernimmt und rekonstruiert die drei H\u00e4user. So entsteht ein neues Kurhaus \u2013 <strong>Weimar<\/strong> \u2013 mit 62 Zimmern und 110 Betten.<\/p>\n<p><strong>1991\u20131997<\/strong><br \/>\nRestitution \u2013 R\u00fcckgabe des Eigentums an die urspr\u00fcngliche Besitzer.<\/p>\n<p><strong>1998<\/strong><br \/>\nPensionsfond der <em>Kommerzbank AG<\/em> erwirbt das ehemalige Haus <strong>Weimar<\/strong>.<em><br \/>\n<\/em><\/p>\n<p><strong>1999\u20132001<\/strong><br \/>\nRekonstruktion und Modernisierung.<\/p>\n<p><strong>1. 4. 2001<\/strong><br \/>\nFestliche Er\u00f6ffnung des neuen Kurhotels <strong>Venus \u2013 Hotels des neuen Millenniums<\/strong>.<\/p>\n","protected":false},"excerpt":{"rendered":"<p>Das gegenw\u00e4rtige Hotel Venus besteht aus drei untereinander verbundenen Geb\u00e4uden, wobei jedes Haus seine eigene Geschichte hat. 1871 Es wird entschieden an Stelle des sog. Ochsenlochs die Parkstra\u00dfe zu gr\u00fcnden. 1874\u20131877 Die Wohnh\u00e4user Newa, Venus, und Kaiser Franz werden erbaut (Fundamente des gegenw\u00e4rtigen Hotels Venus). 1880\u20131890 Alle Hausbesitzer passen die Innenr\u00e4ume den Bed\u00fcrfnissen der Kurg\u00e4ste [&hellip;]<\/p>\n","protected":false},"author":13,"featured_media":0,"parent":0,"menu_order":60,"comment_status":"closed","ping_status":"closed","template":"","meta":{"footnotes":""},"class_list":["post-503","page","type-page","status-publish","hentry"],"yoast_head":"<!-- This site is optimized with the Yoast SEO plugin v26.9 - https:\/\/yoast.com\/product\/yoast-seo-wordpress\/ -->\n<title>Historie &#183; Hotel Venus &#183;<\/title>\n<meta name=\"description\" content=\"Das gegenw\u00e4rtige Hotel Venus besteht aus drei untereinander verbundenen Geb\u00e4uden, wobei jedes Haus seine eigene Geschichte hat.  1871 Es wird entschieden an Stelle des sog. Ochsenlochs die Parkstra\u00dfe zu gr\u00fcnden.  1874\u20131877 Die Wohnh\u00e4user Newa, Venus, und Kaiser Franz werden erbaut (Fundamente des gegenw\u00e4rtigen Hotels Venus).  1880\u20131890 Alle Hausbesitzer passen die Innenr\u00e4ume den Bed\u00fcrfnissen der Kurg\u00e4ste an\" \/>\n<meta name=\"robots\" content=\"index, follow, max-snippet:-1, max-image-preview:large, max-video-preview:-1\" \/>\n<link rel=\"canonical\" href=\"https:\/\/www.hotelvenus.cz\/de\/historie\/\" \/>\n<meta property=\"og:locale\" content=\"de_DE\" \/>\n<meta property=\"og:type\" content=\"article\" \/>\n<meta property=\"og:title\" content=\"Historie &#183; Hotel Venus &#183;\" \/>\n<meta property=\"og:description\" content=\"Das gegenw\u00e4rtige Hotel Venus besteht aus drei untereinander verbundenen Geb\u00e4uden, wobei jedes Haus seine eigene Geschichte hat.  1871 Es wird entschieden an Stelle des sog. Ochsenlochs die Parkstra\u00dfe zu gr\u00fcnden.  1874\u20131877 Die Wohnh\u00e4user Newa, Venus, und Kaiser Franz werden erbaut (Fundamente des gegenw\u00e4rtigen Hotels Venus).  1880\u20131890 Alle Hausbesitzer passen die Innenr\u00e4ume den Bed\u00fcrfnissen der Kurg\u00e4ste an\" \/>\n<meta property=\"og:url\" content=\"https:\/\/www.hotelvenus.cz\/de\/historie\/\" \/>\n<meta property=\"og:site_name\" content=\"Hotel Venus\" \/>\n<meta name=\"twitter:card\" content=\"summary_large_image\" \/>\n<meta name=\"twitter:label1\" content=\"Gesch\u00e4tzte Lesezeit\" \/>\n\t<meta name=\"twitter:data1\" content=\"1 Minute\" \/>\n<script type=\"application\/ld+json\" class=\"yoast-schema-graph\">{\"@context\":\"https:\/\/schema.org\",\"@graph\":[{\"@type\":\"WebPage\",\"@id\":\"https:\/\/www.hotelvenus.cz\/de\/historie\/\",\"url\":\"https:\/\/www.hotelvenus.cz\/de\/historie\/\",\"name\":\"Historie &#183; Hotel Venus &#183;\",\"isPartOf\":{\"@id\":\"https:\/\/www.hotelvenus.cz\/de\/#website\"},\"datePublished\":\"2022-04-21T14:37:17+00:00\",\"description\":\"Das gegenw\u00e4rtige Hotel Venus besteht aus drei untereinander verbundenen Geb\u00e4uden, wobei jedes Haus seine eigene Geschichte hat. 1871 Es wird entschieden an Stelle des sog. Ochsenlochs die Parkstra\u00dfe zu gr\u00fcnden. 1874\u20131877 Die Wohnh\u00e4user Newa, Venus, und Kaiser Franz werden erbaut (Fundamente des gegenw\u00e4rtigen Hotels Venus). 1880\u20131890 Alle Hausbesitzer passen die Innenr\u00e4ume den Bed\u00fcrfnissen der Kurg\u00e4ste an\",\"breadcrumb\":{\"@id\":\"https:\/\/www.hotelvenus.cz\/de\/historie\/#breadcrumb\"},\"inLanguage\":\"de-DE\",\"potentialAction\":[{\"@type\":\"ReadAction\",\"target\":[\"https:\/\/www.hotelvenus.cz\/de\/historie\/\"]}]},{\"@type\":\"BreadcrumbList\",\"@id\":\"https:\/\/www.hotelvenus.cz\/de\/historie\/#breadcrumb\",\"itemListElement\":[{\"@type\":\"ListItem\",\"position\":1,\"name\":\"Home\",\"item\":\"https:\/\/www.hotelvenus.cz\/de\/\"},{\"@type\":\"ListItem\",\"position\":2,\"name\":\"Historie\"}]},{\"@type\":\"WebSite\",\"@id\":\"https:\/\/www.hotelvenus.cz\/de\/#website\",\"url\":\"https:\/\/www.hotelvenus.cz\/de\/\",\"name\":\"Hotel Venus\",\"description\":\"Ecco un altro sito ms.decms.eu\",\"potentialAction\":[{\"@type\":\"SearchAction\",\"target\":{\"@type\":\"EntryPoint\",\"urlTemplate\":\"https:\/\/www.hotelvenus.cz\/de\/?s={search_term_string}\"},\"query-input\":{\"@type\":\"PropertyValueSpecification\",\"valueRequired\":true,\"valueName\":\"search_term_string\"}}],\"inLanguage\":\"de-DE\"}]}<\/script>\n<!-- \/ Yoast SEO plugin. -->","yoast_head_json":{"title":"Historie &#183; Hotel Venus &#183;","description":"Das gegenw\u00e4rtige Hotel Venus besteht aus drei untereinander verbundenen Geb\u00e4uden, wobei jedes Haus seine eigene Geschichte hat.  1871 Es wird entschieden an Stelle des sog. Ochsenlochs die Parkstra\u00dfe zu gr\u00fcnden.  1874\u20131877 Die Wohnh\u00e4user Newa, Venus, und Kaiser Franz werden erbaut (Fundamente des gegenw\u00e4rtigen Hotels Venus).  1880\u20131890 Alle Hausbesitzer passen die Innenr\u00e4ume den Bed\u00fcrfnissen der Kurg\u00e4ste an","robots":{"index":"index","follow":"follow","max-snippet":"max-snippet:-1","max-image-preview":"max-image-preview:large","max-video-preview":"max-video-preview:-1"},"canonical":"https:\/\/www.hotelvenus.cz\/de\/historie\/","og_locale":"de_DE","og_type":"article","og_title":"Historie &#183; Hotel Venus &#183;","og_description":"Das gegenw\u00e4rtige Hotel Venus besteht aus drei untereinander verbundenen Geb\u00e4uden, wobei jedes Haus seine eigene Geschichte hat.  1871 Es wird entschieden an Stelle des sog. Ochsenlochs die Parkstra\u00dfe zu gr\u00fcnden.  1874\u20131877 Die Wohnh\u00e4user Newa, Venus, und Kaiser Franz werden erbaut (Fundamente des gegenw\u00e4rtigen Hotels Venus).  1880\u20131890 Alle Hausbesitzer passen die Innenr\u00e4ume den Bed\u00fcrfnissen der Kurg\u00e4ste an","og_url":"https:\/\/www.hotelvenus.cz\/de\/historie\/","og_site_name":"Hotel Venus","twitter_card":"summary_large_image","twitter_misc":{"Gesch\u00e4tzte Lesezeit":"1 Minute"},"schema":{"@context":"https:\/\/schema.org","@graph":[{"@type":"WebPage","@id":"https:\/\/www.hotelvenus.cz\/de\/historie\/","url":"https:\/\/www.hotelvenus.cz\/de\/historie\/","name":"Historie &#183; Hotel Venus &#183;","isPartOf":{"@id":"https:\/\/www.hotelvenus.cz\/de\/#website"},"datePublished":"2022-04-21T14:37:17+00:00","description":"Das gegenw\u00e4rtige Hotel Venus besteht aus drei untereinander verbundenen Geb\u00e4uden, wobei jedes Haus seine eigene Geschichte hat. 1871 Es wird entschieden an Stelle des sog. Ochsenlochs die Parkstra\u00dfe zu gr\u00fcnden. 1874\u20131877 Die Wohnh\u00e4user Newa, Venus, und Kaiser Franz werden erbaut (Fundamente des gegenw\u00e4rtigen Hotels Venus). 1880\u20131890 Alle Hausbesitzer passen die Innenr\u00e4ume den Bed\u00fcrfnissen der Kurg\u00e4ste an","breadcrumb":{"@id":"https:\/\/www.hotelvenus.cz\/de\/historie\/#breadcrumb"},"inLanguage":"de-DE","potentialAction":[{"@type":"ReadAction","target":["https:\/\/www.hotelvenus.cz\/de\/historie\/"]}]},{"@type":"BreadcrumbList","@id":"https:\/\/www.hotelvenus.cz\/de\/historie\/#breadcrumb","itemListElement":[{"@type":"ListItem","position":1,"name":"Home","item":"https:\/\/www.hotelvenus.cz\/de\/"},{"@type":"ListItem","position":2,"name":"Historie"}]},{"@type":"WebSite","@id":"https:\/\/www.hotelvenus.cz\/de\/#website","url":"https:\/\/www.hotelvenus.cz\/de\/","name":"Hotel Venus","description":"Ecco un altro sito ms.decms.eu","potentialAction":[{"@type":"SearchAction","target":{"@type":"EntryPoint","urlTemplate":"https:\/\/www.hotelvenus.cz\/de\/?s={search_term_string}"},"query-input":{"@type":"PropertyValueSpecification","valueRequired":true,"valueName":"search_term_string"}}],"inLanguage":"de-DE"}]}},"acf":[],"_links":{"self":[{"href":"https:\/\/www.hotelvenus.cz\/de\/wp-json\/wp\/v2\/pages\/503","targetHints":{"allow":["GET"]}}],"collection":[{"href":"https:\/\/www.hotelvenus.cz\/de\/wp-json\/wp\/v2\/pages"}],"about":[{"href":"https:\/\/www.hotelvenus.cz\/de\/wp-json\/wp\/v2\/types\/page"}],"author":[{"embeddable":true,"href":"https:\/\/www.hotelvenus.cz\/de\/wp-json\/wp\/v2\/users\/13"}],"replies":[{"embeddable":true,"href":"https:\/\/www.hotelvenus.cz\/de\/wp-json\/wp\/v2\/comments?post=503"}],"version-history":[{"count":0,"href":"https:\/\/www.hotelvenus.cz\/de\/wp-json\/wp\/v2\/pages\/503\/revisions"}],"wp:attachment":[{"href":"https:\/\/www.hotelvenus.cz\/de\/wp-json\/wp\/v2\/media?parent=503"}],"curies":[{"name":"wp","href":"https:\/\/api.w.org\/{rel}","templated":true}]}}