{"id":532,"date":"2022-04-21T16:55:13","date_gmt":"2022-04-21T14:55:13","guid":{"rendered":"https:\/\/hotelvenus.ms.decms.eu\/?page_id=532"},"modified":"2022-04-21T16:55:13","modified_gmt":"2022-04-21T14:55:13","slug":"training-program-for-employees-of-eurospa-a-s","status":"publish","type":"page","link":"https:\/\/www.hotelvenus.cz\/ru\/training-program-for-employees-of-eurospa-a-s\/","title":{"rendered":"Training program for employees of EUROSPA, a.s."},"content":{"rendered":"<p>Spole\u010dnost EUROSPA, a.s. realizuje projekt \u201d Opera\u010dn\u00ed program zam\u011bstnanost\u201d\u00a0C\u00edlem projektu je zv\u00fd\u0161it \u00farove\u0148 znalost\u00ed, dovednost\u00ed a zejm\u00e9na kl\u00ed\u010dov\u00fdch kompetenc\u00ed pracovn\u00edk\u016f a zajistit tak soulad jejich kvalifikac\u00ed a kompetenc\u00ed s po\u017eadavky na vykon\u00e1van\u00e9 pracovn\u00ed \u010dinnosti.<\/p>\n<p><strong>Registra\u010dn\u00ed \u010d\u00edslo projektu:<\/strong>\u00a0CZ.03.1.52\/0.0\/0.0\/19_097\/0012309<br \/>\n<strong>N\u00e1zev programu:<\/strong>\u00a0Opera\u010dn\u00ed program Zam\u011bstnanost<br \/>\n<strong>\u010c\u00edslo v\u00fdzvy:<\/strong>\u00a003_19_097<br \/>\n<strong>Projekt:<\/strong>\u00a0\u201cVzd\u011bl\u00e1v\u00e1n\u00ed zam\u011bstnanc\u016f spole\u010dnosti EUROSPA, a.s.\u201c<br \/>\n<strong>Doba realizace projektu:<\/strong>\u00a01. 12. 2019 \u2013 30. 11. 2021<\/p>\n<p><strong>Po\u010det osob zapojen\u00fdch do projektu:<\/strong>(podpo\u0159en\u00fdch osob) 48.<\/p>\n<p><strong>Zam\u011bstnanci se zapoj\u00ed do projektu formou vzd\u011bl\u00e1v\u00e1n\u00ed v oblastech:<\/strong><\/p>\n<ul>\n<li>M\u011bkk\u00e9 a mana\u017eersk\u00e9 dovednosti<\/li>\n<li>Technick\u00e9 a jin\u00e9 odborn\u00e9 dovednosti<\/li>\n<li>\u00da\u010detn\u00ed, ekonomick\u00e9 a pr\u00e1vn\u00ed kurzy<\/li>\n<li>Jazykov\u00e9 vzd\u011bl\u00e1v\u00e1n\u00ed<\/li>\n<\/ul>\n<p>Projekt je financov\u00e1n z Evropsk\u00e9ho soci\u00e1ln\u00ed fondu a St\u00e1tn\u00edho rozpo\u010dtu \u010cR prost\u0159ednictv\u00edm Opera\u010dn\u00edho programu Zam\u011bstnanost.<br \/>\n<img loading=\"lazy\" decoding=\"async\" class=\"alignnone size-medium wp-image-526\" src=\"https:\/\/hotelvenus.ms.decms.eu\/wp-content\/uploads\/sites\/434\/2022\/04\/Logo-OPZ-barevne-480x99-1-300x62.jpg\" alt=\"\" width=\"300\" height=\"62\" srcset=\"https:\/\/www.hotelvenus.cz\/wp-content\/uploads\/sites\/434\/2022\/04\/Logo-OPZ-barevne-480x99-1-300x62.jpg 300w, https:\/\/www.hotelvenus.cz\/wp-content\/uploads\/sites\/434\/2022\/04\/Logo-OPZ-barevne-480x99-1.jpg 480w\" sizes=\"auto, (max-width: 300px) 100vw, 300px\" \/><\/p>\n","protected":false},"excerpt":{"rendered":"<p>Spole\u010dnost EUROSPA, a.s. realizuje projekt \u201d Opera\u010dn\u00ed program zam\u011bstnanost\u201d\u00a0C\u00edlem projektu je zv\u00fd\u0161it \u00farove\u0148 znalost\u00ed, dovednost\u00ed a zejm\u00e9na kl\u00ed\u010dov\u00fdch kompetenc\u00ed pracovn\u00edk\u016f a zajistit tak soulad jejich kvalifikac\u00ed a kompetenc\u00ed s po\u017eadavky na vykon\u00e1van\u00e9 pracovn\u00ed \u010dinnosti. Registra\u010dn\u00ed \u010d\u00edslo projektu:\u00a0CZ.03.1.52\/0.0\/0.0\/19_097\/0012309 N\u00e1zev programu:\u00a0Opera\u010dn\u00ed program Zam\u011bstnanost \u010c\u00edslo v\u00fdzvy:\u00a003_19_097 Projekt:\u00a0\u201cVzd\u011bl\u00e1v\u00e1n\u00ed zam\u011bstnanc\u016f spole\u010dnosti EUROSPA, a.s.\u201c Doba realizace projektu:\u00a01. 12. 2019 \u2013 30. [&hellip;]<\/p>\n","protected":false},"author":13,"featured_media":0,"parent":0,"menu_order":120,"comment_status":"closed","ping_status":"closed","template":"","meta":{"footnotes":""},"class_list":["post-532","page","type-page","status-publish","hentry"],"yoast_head":"<!-- This site is optimized with the Yoast SEO plugin v26.9 - https:\/\/yoast.com\/product\/yoast-seo-wordpress\/ -->\n<title>Training program for employees of EUROSPA, a.s. &#183; Hotel Venus &#183;<\/title>\n<meta name=\"description\" content=\"Spole\u010dnost EUROSPA, a.s. realizuje projekt \u201d Opera\u010dn\u00ed program zam\u011bstnanost\u201d\u00a0C\u00edlem projektu je zv\u00fd\u0161it \u00farove\u0148 znalost\u00ed, dovednost\u00ed a zejm\u00e9na kl\u00ed\u010dov\u00fdch kompetenc\u00ed pracovn\u00edk\u016f a zajistit tak soulad jejich kvalifikac\u00ed a kompetenc\u00ed s po\u017eadavky na vykon\u00e1van\u00e9 pracovn\u00ed \u010dinnosti.  Registra\u010dn\u00ed \u010d\u00edslo projektu:\u00a0CZ.03.1.52\/0.0\/0.0\/19_097\/0012309 N\u00e1zev programu:\u00a0Opera\u010dn\u00ed program Zam\u011bstnanost \u010c\u00edslo v\u00fdzvy:\u00a003_19_097 Projekt:\u00a0\u201cVzd\u011bl\u00e1v\u00e1n\u00ed zam\u011bstnanc\u016f spole\u010dnosti EUROSPA, a.s.\u201c Doba realizace projektu:\u00a01\" \/>\n<meta name=\"robots\" content=\"index, follow, max-snippet:-1, max-image-preview:large, max-video-preview:-1\" \/>\n<link rel=\"canonical\" href=\"https:\/\/www.hotelvenus.cz\/ru\/training-program-for-employees-of-eurospa-a-s\/\" \/>\n<meta property=\"og:locale\" content=\"ru_RU\" \/>\n<meta property=\"og:type\" content=\"article\" \/>\n<meta property=\"og:title\" content=\"Training program for employees of EUROSPA, a.s. &#183; Hotel Venus &#183;\" \/>\n<meta property=\"og:description\" content=\"Spole\u010dnost EUROSPA, a.s. realizuje projekt \u201d Opera\u010dn\u00ed program zam\u011bstnanost\u201d\u00a0C\u00edlem projektu je zv\u00fd\u0161it \u00farove\u0148 znalost\u00ed, dovednost\u00ed a zejm\u00e9na kl\u00ed\u010dov\u00fdch kompetenc\u00ed pracovn\u00edk\u016f a zajistit tak soulad jejich kvalifikac\u00ed a kompetenc\u00ed s po\u017eadavky na vykon\u00e1van\u00e9 pracovn\u00ed \u010dinnosti.  Registra\u010dn\u00ed \u010d\u00edslo projektu:\u00a0CZ.03.1.52\/0.0\/0.0\/19_097\/0012309 N\u00e1zev programu:\u00a0Opera\u010dn\u00ed program Zam\u011bstnanost \u010c\u00edslo v\u00fdzvy:\u00a003_19_097 Projekt:\u00a0\u201cVzd\u011bl\u00e1v\u00e1n\u00ed zam\u011bstnanc\u016f spole\u010dnosti EUROSPA, a.s.\u201c Doba realizace projektu:\u00a01\" \/>\n<meta property=\"og:url\" content=\"https:\/\/www.hotelvenus.cz\/ru\/training-program-for-employees-of-eurospa-a-s\/\" \/>\n<meta property=\"og:site_name\" content=\"Hotel Venus\" \/>\n<meta property=\"og:image\" content=\"https:\/\/hotelvenus.ms.decms.eu\/wp-content\/uploads\/sites\/434\/2022\/04\/Logo-OPZ-barevne-480x99-1-300x62.jpg\" \/>\n<meta name=\"twitter:card\" content=\"summary_large_image\" \/>\n<meta name=\"twitter:label1\" content=\"\u041f\u0440\u0438\u043c\u0435\u0440\u043d\u043e\u0435 \u0432\u0440\u0435\u043c\u044f \u0434\u043b\u044f \u0447\u0442\u0435\u043d\u0438\u044f\" \/>\n\t<meta name=\"twitter:data1\" content=\"1 \u043c\u0438\u043d\u0443\u0442\u0430\" \/>\n<script type=\"application\/ld+json\" class=\"yoast-schema-graph\">{\"@context\":\"https:\/\/schema.org\",\"@graph\":[{\"@type\":\"WebPage\",\"@id\":\"https:\/\/www.hotelvenus.cz\/ru\/training-program-for-employees-of-eurospa-a-s\/\",\"url\":\"https:\/\/www.hotelvenus.cz\/ru\/training-program-for-employees-of-eurospa-a-s\/\",\"name\":\"Training program for employees of EUROSPA, a.s. &#183; Hotel Venus &#183;\",\"isPartOf\":{\"@id\":\"https:\/\/www.hotelvenus.cz\/ru\/#website\"},\"primaryImageOfPage\":{\"@id\":\"https:\/\/www.hotelvenus.cz\/ru\/training-program-for-employees-of-eurospa-a-s\/#primaryimage\"},\"image\":{\"@id\":\"https:\/\/www.hotelvenus.cz\/ru\/training-program-for-employees-of-eurospa-a-s\/#primaryimage\"},\"thumbnailUrl\":\"https:\/\/hotelvenus.ms.decms.eu\/wp-content\/uploads\/sites\/434\/2022\/04\/Logo-OPZ-barevne-480x99-1-300x62.jpg\",\"datePublished\":\"2022-04-21T14:55:13+00:00\",\"description\":\"Spole\u010dnost EUROSPA, a.s. realizuje projekt \u201d Opera\u010dn\u00ed program zam\u011bstnanost\u201d\u00a0C\u00edlem projektu je zv\u00fd\u0161it \u00farove\u0148 znalost\u00ed, dovednost\u00ed a zejm\u00e9na kl\u00ed\u010dov\u00fdch kompetenc\u00ed pracovn\u00edk\u016f a zajistit tak soulad jejich kvalifikac\u00ed a kompetenc\u00ed s po\u017eadavky na vykon\u00e1van\u00e9 pracovn\u00ed \u010dinnosti. Registra\u010dn\u00ed \u010d\u00edslo projektu:\u00a0CZ.03.1.52\/0.0\/0.0\/19_097\/0012309 N\u00e1zev programu:\u00a0Opera\u010dn\u00ed program Zam\u011bstnanost \u010c\u00edslo v\u00fdzvy:\u00a003_19_097 Projekt:\u00a0\u201cVzd\u011bl\u00e1v\u00e1n\u00ed zam\u011bstnanc\u016f spole\u010dnosti EUROSPA, a.s.\u201c Doba realizace projektu:\u00a01\",\"breadcrumb\":{\"@id\":\"https:\/\/www.hotelvenus.cz\/ru\/training-program-for-employees-of-eurospa-a-s\/#breadcrumb\"},\"inLanguage\":\"ru-RU\",\"potentialAction\":[{\"@type\":\"ReadAction\",\"target\":[\"https:\/\/www.hotelvenus.cz\/ru\/training-program-for-employees-of-eurospa-a-s\/\"]}]},{\"@type\":\"ImageObject\",\"inLanguage\":\"ru-RU\",\"@id\":\"https:\/\/www.hotelvenus.cz\/ru\/training-program-for-employees-of-eurospa-a-s\/#primaryimage\",\"url\":\"https:\/\/hotelvenus.ms.decms.eu\/wp-content\/uploads\/sites\/434\/2022\/04\/Logo-OPZ-barevne-480x99-1-300x62.jpg\",\"contentUrl\":\"https:\/\/hotelvenus.ms.decms.eu\/wp-content\/uploads\/sites\/434\/2022\/04\/Logo-OPZ-barevne-480x99-1-300x62.jpg\"},{\"@type\":\"BreadcrumbList\",\"@id\":\"https:\/\/www.hotelvenus.cz\/ru\/training-program-for-employees-of-eurospa-a-s\/#breadcrumb\",\"itemListElement\":[{\"@type\":\"ListItem\",\"position\":1,\"name\":\"Home\",\"item\":\"https:\/\/www.hotelvenus.cz\/ru\/\"},{\"@type\":\"ListItem\",\"position\":2,\"name\":\"Training program for employees of EUROSPA, a.s.\"}]},{\"@type\":\"WebSite\",\"@id\":\"https:\/\/www.hotelvenus.cz\/ru\/#website\",\"url\":\"https:\/\/www.hotelvenus.cz\/ru\/\",\"name\":\"Hotel Venus\",\"description\":\"Ecco un altro sito ms.decms.eu\",\"potentialAction\":[{\"@type\":\"SearchAction\",\"target\":{\"@type\":\"EntryPoint\",\"urlTemplate\":\"https:\/\/www.hotelvenus.cz\/ru\/?s={search_term_string}\"},\"query-input\":{\"@type\":\"PropertyValueSpecification\",\"valueRequired\":true,\"valueName\":\"search_term_string\"}}],\"inLanguage\":\"ru-RU\"}]}<\/script>\n<!-- \/ Yoast SEO plugin. -->","yoast_head_json":{"title":"Training program for employees of EUROSPA, a.s. &#183; Hotel Venus &#183;","description":"Spole\u010dnost EUROSPA, a.s. realizuje projekt \u201d Opera\u010dn\u00ed program zam\u011bstnanost\u201d\u00a0C\u00edlem projektu je zv\u00fd\u0161it \u00farove\u0148 znalost\u00ed, dovednost\u00ed a zejm\u00e9na kl\u00ed\u010dov\u00fdch kompetenc\u00ed pracovn\u00edk\u016f a zajistit tak soulad jejich kvalifikac\u00ed a kompetenc\u00ed s po\u017eadavky na vykon\u00e1van\u00e9 pracovn\u00ed \u010dinnosti.  Registra\u010dn\u00ed \u010d\u00edslo projektu:\u00a0CZ.03.1.52\/0.0\/0.0\/19_097\/0012309 N\u00e1zev programu:\u00a0Opera\u010dn\u00ed program Zam\u011bstnanost \u010c\u00edslo v\u00fdzvy:\u00a003_19_097 Projekt:\u00a0\u201cVzd\u011bl\u00e1v\u00e1n\u00ed zam\u011bstnanc\u016f spole\u010dnosti EUROSPA, a.s.\u201c Doba realizace projektu:\u00a01","robots":{"index":"index","follow":"follow","max-snippet":"max-snippet:-1","max-image-preview":"max-image-preview:large","max-video-preview":"max-video-preview:-1"},"canonical":"https:\/\/www.hotelvenus.cz\/ru\/training-program-for-employees-of-eurospa-a-s\/","og_locale":"ru_RU","og_type":"article","og_title":"Training program for employees of EUROSPA, a.s. &#183; Hotel Venus &#183;","og_description":"Spole\u010dnost EUROSPA, a.s. realizuje projekt \u201d Opera\u010dn\u00ed program zam\u011bstnanost\u201d\u00a0C\u00edlem projektu je zv\u00fd\u0161it \u00farove\u0148 znalost\u00ed, dovednost\u00ed a zejm\u00e9na kl\u00ed\u010dov\u00fdch kompetenc\u00ed pracovn\u00edk\u016f a zajistit tak soulad jejich kvalifikac\u00ed a kompetenc\u00ed s po\u017eadavky na vykon\u00e1van\u00e9 pracovn\u00ed \u010dinnosti.  Registra\u010dn\u00ed \u010d\u00edslo projektu:\u00a0CZ.03.1.52\/0.0\/0.0\/19_097\/0012309 N\u00e1zev programu:\u00a0Opera\u010dn\u00ed program Zam\u011bstnanost \u010c\u00edslo v\u00fdzvy:\u00a003_19_097 Projekt:\u00a0\u201cVzd\u011bl\u00e1v\u00e1n\u00ed zam\u011bstnanc\u016f spole\u010dnosti EUROSPA, a.s.\u201c Doba realizace projektu:\u00a01","og_url":"https:\/\/www.hotelvenus.cz\/ru\/training-program-for-employees-of-eurospa-a-s\/","og_site_name":"Hotel Venus","og_image":[{"url":"https:\/\/hotelvenus.ms.decms.eu\/wp-content\/uploads\/sites\/434\/2022\/04\/Logo-OPZ-barevne-480x99-1-300x62.jpg","type":"","width":"","height":""}],"twitter_card":"summary_large_image","twitter_misc":{"\u041f\u0440\u0438\u043c\u0435\u0440\u043d\u043e\u0435 \u0432\u0440\u0435\u043c\u044f \u0434\u043b\u044f \u0447\u0442\u0435\u043d\u0438\u044f":"1 \u043c\u0438\u043d\u0443\u0442\u0430"},"schema":{"@context":"https:\/\/schema.org","@graph":[{"@type":"WebPage","@id":"https:\/\/www.hotelvenus.cz\/ru\/training-program-for-employees-of-eurospa-a-s\/","url":"https:\/\/www.hotelvenus.cz\/ru\/training-program-for-employees-of-eurospa-a-s\/","name":"Training program for employees of EUROSPA, a.s. &#183; Hotel Venus &#183;","isPartOf":{"@id":"https:\/\/www.hotelvenus.cz\/ru\/#website"},"primaryImageOfPage":{"@id":"https:\/\/www.hotelvenus.cz\/ru\/training-program-for-employees-of-eurospa-a-s\/#primaryimage"},"image":{"@id":"https:\/\/www.hotelvenus.cz\/ru\/training-program-for-employees-of-eurospa-a-s\/#primaryimage"},"thumbnailUrl":"https:\/\/hotelvenus.ms.decms.eu\/wp-content\/uploads\/sites\/434\/2022\/04\/Logo-OPZ-barevne-480x99-1-300x62.jpg","datePublished":"2022-04-21T14:55:13+00:00","description":"Spole\u010dnost EUROSPA, a.s. realizuje projekt \u201d Opera\u010dn\u00ed program zam\u011bstnanost\u201d\u00a0C\u00edlem projektu je zv\u00fd\u0161it \u00farove\u0148 znalost\u00ed, dovednost\u00ed a zejm\u00e9na kl\u00ed\u010dov\u00fdch kompetenc\u00ed pracovn\u00edk\u016f a zajistit tak soulad jejich kvalifikac\u00ed a kompetenc\u00ed s po\u017eadavky na vykon\u00e1van\u00e9 pracovn\u00ed \u010dinnosti. Registra\u010dn\u00ed \u010d\u00edslo projektu:\u00a0CZ.03.1.52\/0.0\/0.0\/19_097\/0012309 N\u00e1zev programu:\u00a0Opera\u010dn\u00ed program Zam\u011bstnanost \u010c\u00edslo v\u00fdzvy:\u00a003_19_097 Projekt:\u00a0\u201cVzd\u011bl\u00e1v\u00e1n\u00ed zam\u011bstnanc\u016f spole\u010dnosti EUROSPA, a.s.\u201c Doba realizace projektu:\u00a01","breadcrumb":{"@id":"https:\/\/www.hotelvenus.cz\/ru\/training-program-for-employees-of-eurospa-a-s\/#breadcrumb"},"inLanguage":"ru-RU","potentialAction":[{"@type":"ReadAction","target":["https:\/\/www.hotelvenus.cz\/ru\/training-program-for-employees-of-eurospa-a-s\/"]}]},{"@type":"ImageObject","inLanguage":"ru-RU","@id":"https:\/\/www.hotelvenus.cz\/ru\/training-program-for-employees-of-eurospa-a-s\/#primaryimage","url":"https:\/\/hotelvenus.ms.decms.eu\/wp-content\/uploads\/sites\/434\/2022\/04\/Logo-OPZ-barevne-480x99-1-300x62.jpg","contentUrl":"https:\/\/hotelvenus.ms.decms.eu\/wp-content\/uploads\/sites\/434\/2022\/04\/Logo-OPZ-barevne-480x99-1-300x62.jpg"},{"@type":"BreadcrumbList","@id":"https:\/\/www.hotelvenus.cz\/ru\/training-program-for-employees-of-eurospa-a-s\/#breadcrumb","itemListElement":[{"@type":"ListItem","position":1,"name":"Home","item":"https:\/\/www.hotelvenus.cz\/ru\/"},{"@type":"ListItem","position":2,"name":"Training program for employees of EUROSPA, a.s."}]},{"@type":"WebSite","@id":"https:\/\/www.hotelvenus.cz\/ru\/#website","url":"https:\/\/www.hotelvenus.cz\/ru\/","name":"Hotel Venus","description":"Ecco un altro sito ms.decms.eu","potentialAction":[{"@type":"SearchAction","target":{"@type":"EntryPoint","urlTemplate":"https:\/\/www.hotelvenus.cz\/ru\/?s={search_term_string}"},"query-input":{"@type":"PropertyValueSpecification","valueRequired":true,"valueName":"search_term_string"}}],"inLanguage":"ru-RU"}]}},"acf":[],"_links":{"self":[{"href":"https:\/\/www.hotelvenus.cz\/ru\/wp-json\/wp\/v2\/pages\/532","targetHints":{"allow":["GET"]}}],"collection":[{"href":"https:\/\/www.hotelvenus.cz\/ru\/wp-json\/wp\/v2\/pages"}],"about":[{"href":"https:\/\/www.hotelvenus.cz\/ru\/wp-json\/wp\/v2\/types\/page"}],"author":[{"embeddable":true,"href":"https:\/\/www.hotelvenus.cz\/ru\/wp-json\/wp\/v2\/users\/13"}],"replies":[{"embeddable":true,"href":"https:\/\/www.hotelvenus.cz\/ru\/wp-json\/wp\/v2\/comments?post=532"}],"version-history":[{"count":0,"href":"https:\/\/www.hotelvenus.cz\/ru\/wp-json\/wp\/v2\/pages\/532\/revisions"}],"wp:attachment":[{"href":"https:\/\/www.hotelvenus.cz\/ru\/wp-json\/wp\/v2\/media?parent=532"}],"curies":[{"name":"wp","href":"https:\/\/api.w.org\/{rel}","templated":true}]}}